{"id":2584,"date":"2024-02-20T15:50:30","date_gmt":"2024-02-20T14:50:30","guid":{"rendered":"https:\/\/www.informacyde.isc-vdb.fr\/?page_id=2584"},"modified":"2025-06-25T13:57:59","modified_gmt":"2025-06-25T11:57:59","slug":"un-eco-etablissement","status":"publish","type":"page","link":"https:\/\/www.isc-vdb.fr\/index.php\/un-eco-etablissement\/","title":{"rendered":"Un \u00e9co-\u00e9tablissement"},"content":{"rendered":"<p><div class=\"fusion-fullwidth fullwidth-box fusion-builder-row-1 fusion-flex-container has-pattern-background has-mask-background fusion-parallax-none hundred-percent-fullwidth non-hundred-percent-height-scrolling lazyload\" style=\"--awb-border-radius-top-left:0px;--awb-border-radius-top-right:0px;--awb-border-radius-bottom-right:0px;--awb-border-radius-bottom-left:0px;--awb-padding-top:100px;--awb-padding-bottom:100px;--awb-margin-bottom:60px;--awb-background-size:cover;--awb-flex-wrap:wrap;\" data-bg=\"https:\/\/www.informacyde.isc-vdb.fr\/wp-content\/uploads\/2024\/06\/Photo-bandeau-1.webp\" ><div class=\"awb-background-mask\" style=\"background-image:  url(data:image\/svg+xml;utf8,%3Csvg%20width%3D%221920%22%20height%3D%22954%22%20fill%3D%22none%22%20xmlns%3D%22http%3A%2F%2Fwww.w3.org%2F2000%2Fsvg%22%3E%3Cg%20clip-path%3D%22url%28%23prefix__prefix__clip0_77_23452%29%22%3E%3Cpath%20fill-rule%3D%22evenodd%22%20clip-rule%3D%22evenodd%22%20d%3D%22M1353%20308.5c0%20255.507-131.58%20485.45-341.45%20645.5-187.291%20142.83-436.933%20230-711.05%20230C-280.78%201184-752%20792.025-752%20308.5S-280.78-567%20300.5-567c450.743%200%20835.31%20235.692%20985.3%20567%2043.44%2095.948%2067.2%20199.916%2067.2%20308.5z%22%20fill%3D%22rgba%28255%2C255%2C255%2C1%29%22%2F%3E%3Cpath%20d%3D%22M1321.57%20538C1357.08%20287.516%201273.7%2089.91%201127-.418L1374.18-6c65.77%20100.68-15.89%20431.512-52.61%20544zM312%20955c432.242%200%20746.77-180.667%20850-271-90.34%20157.09-176.766%20246.121-208.688%20271H312z%22%20fill%3D%22rgba%28255%2C255%2C255%2C1%29%22%20fill-opacity%3D%22.25%22%2F%3E%3Cpath%20d%3D%22M1344.5%20427c0-252.4-212.67-390.833-319-428.5H1373c70%2082.4%2010.17%20320-28.5%20428.5z%22%20fill%3D%22rgba%28255%2C255%2C255%2C1%29%22%20fill-opacity%3D%22.1%22%2F%3E%3Cpath%20fill-rule%3D%22evenodd%22%20clip-rule%3D%22evenodd%22%20d%3D%22M1337%20184.5c0%20324.402-198.63%20609.049-497.356%20769.5H0V0h1285.8c-149.99-331.308-534.557-567-985.3-567C-280.78-567-752-175.025-752%20308.5c0%2040.898%203.371%2081.142%209.895%20120.549C-617.527%20811.461-207.995%201092%20278%201092c206.311%200%20398.842-50.56%20561.644-138h171.906C1221.42%20793.95%201353%20564.007%201353%20308.5c0-53.218-5.71-105.326-16.64-155.925.42%2010.596.64%2021.239.64%2031.925z%22%20fill%3D%22rgba%28255%2C255%2C255%2C1%29%22%20fill-opacity%3D%22.5%22%2F%3E%3C%2Fg%3E%3Cdefs%3E%3CclipPath%20id%3D%22prefix__prefix__clip0_77_23452%22%3E%3Cpath%20fill%3D%22rgba%28255%2C255%2C255%2C1%29%22%20d%3D%22M0%200h1920v954H0z%22%2F%3E%3C%2FclipPath%3E%3C%2Fdefs%3E%3C%2Fsvg%3E);opacity: 1 ;transform: scale(-1, 1);mix-blend-mode:soft-light;\"><\/div><div class=\"fusion-builder-row fusion-row fusion-flex-align-items-flex-start fusion-flex-content-wrap\" style=\"width:104% !important;max-width:104% !important;margin-left: calc(-4% \/ 2 );margin-right: calc(-4% \/ 2 );\"><div class=\"fusion-layout-column fusion_builder_column fusion-builder-column-0 fusion_builder_column_1_1 1_1 fusion-flex-column\" style=\"--awb-bg-size:cover;--awb-width-large:100%;--awb-margin-top-large:10px;--awb-spacing-right-large:1.92%;--awb-margin-bottom-large:10px;--awb-spacing-left-large:1.92%;--awb-width-medium:100%;--awb-order-medium:0;--awb-spacing-right-medium:1.92%;--awb-spacing-left-medium:1.92%;--awb-width-small:100%;--awb-order-small:0;--awb-spacing-right-small:1.92%;--awb-spacing-left-small:1.92%;\"><div class=\"fusion-column-wrapper fusion-column-has-shadow fusion-flex-justify-content-flex-start fusion-content-layout-column\"><div class=\"fusion-text fusion-text-1 fusion-animated\" style=\"--awb-content-alignment:center;--awb-font-size:50px;--awb-text-color:var(--awb-color1);--awb-text-font-family:&quot;Ebima gras&quot;;--awb-text-font-style:normal;--awb-text-font-weight:400;\" data-animationType=\"fadeInDown\" data-animationDuration=\"0.8\" data-animationOffset=\"top-into-view\"><p>Un \u00e9co-\u00e9tablissement<\/p>\n<\/div><nav class=\"fusion-breadcrumbs fusion-breadcrumbs-1 fusion-animated\" style=\"--awb-alignment:center;--awb-breadcrumb-sep:&#039;\/&#039;;text-align:center;\" aria-label=\"Breadcrumb\" data-animationType=\"fadeInDown\" data-animationDuration=\"0.8\" data-animationDelay=\"0.5\" data-animationOffset=\"top-into-view\"><ol class=\"awb-breadcrumb-list\"><li class=\"fusion-breadcrumb-item awb-breadcrumb-sep awb-home\" ><a href=\"https:\/\/www.isc-vdb.fr\" class=\"fusion-breadcrumb-link\"><span >Home<\/span><\/a><\/li><\/ol><\/nav><\/div><\/div><\/div><\/div><div class=\"fusion-fullwidth fullwidth-box fusion-builder-row-2 fusion-flex-container has-pattern-background has-mask-background hundred-percent-fullwidth non-hundred-percent-height-scrolling\" style=\"--awb-border-radius-top-left:0px;--awb-border-radius-top-right:0px;--awb-border-radius-bottom-right:0px;--awb-border-radius-bottom-left:0px;--awb-flex-wrap:wrap;\" ><div class=\"fusion-builder-row fusion-row fusion-flex-align-items-center fusion-flex-justify-content-center fusion-flex-content-wrap\" style=\"width:104% !important;max-width:104% !important;margin-left: calc(-4% \/ 2 );margin-right: calc(-4% \/ 2 );\"><div class=\"fusion-layout-column fusion_builder_column fusion-builder-column-1 fusion_builder_column_1_2 1_2 fusion-flex-column\" style=\"--awb-bg-size:cover;--awb-width-large:50%;--awb-margin-top-large:10px;--awb-spacing-right-large:3.84%;--awb-margin-bottom-large:10px;--awb-spacing-left-large:3.84%;--awb-width-medium:100%;--awb-order-medium:0;--awb-spacing-right-medium:1.92%;--awb-spacing-left-medium:1.92%;--awb-width-small:100%;--awb-order-small:0;--awb-spacing-right-small:1.92%;--awb-spacing-left-small:1.92%;\"><div class=\"fusion-column-wrapper fusion-column-has-shadow fusion-flex-justify-content-flex-start fusion-content-layout-column\"><div class=\"fusion-image-element \" style=\"text-align:right;--awb-margin-bottom:50px;--awb-max-width:250px;--awb-caption-title-font-family:var(--h2_typography-font-family);--awb-caption-title-font-weight:var(--h2_typography-font-weight);--awb-caption-title-font-style:var(--h2_typography-font-style);--awb-caption-title-size:var(--h2_typography-font-size);--awb-caption-title-transform:var(--h2_typography-text-transform);--awb-caption-title-line-height:var(--h2_typography-line-height);--awb-caption-title-letter-spacing:var(--h2_typography-letter-spacing);\"><span class=\" fusion-imageframe imageframe-none imageframe-1 hover-type-none\"><img decoding=\"async\" width=\"6614\" height=\"3054\" title=\"Logo Eco-Ecole\" src=\"https:\/\/www.isc-vdb.fr\/wp-content\/uploads\/2024\/04\/Logo-Eco-Ecole.png\" data-orig-src=\"https:\/\/www.informacyde.isc-vdb.fr\/wp-content\/uploads\/2024\/04\/Logo-Eco-Ecole.png\" alt class=\"lazyload img-responsive wp-image-2860\" srcset=\"data:image\/svg+xml,%3Csvg%20xmlns%3D%27http%3A%2F%2Fwww.w3.org%2F2000%2Fsvg%27%20width%3D%276614%27%20height%3D%273054%27%20viewBox%3D%270%200%206614%203054%27%3E%3Crect%20width%3D%276614%27%20height%3D%273054%27%20fill-opacity%3D%220%22%2F%3E%3C%2Fsvg%3E\" data-srcset=\"https:\/\/www.isc-vdb.fr\/wp-content\/uploads\/2024\/04\/Logo-Eco-Ecole-200x92.png 200w, https:\/\/www.isc-vdb.fr\/wp-content\/uploads\/2024\/04\/Logo-Eco-Ecole-400x185.png 400w, https:\/\/www.isc-vdb.fr\/wp-content\/uploads\/2024\/04\/Logo-Eco-Ecole-600x277.png 600w, https:\/\/www.isc-vdb.fr\/wp-content\/uploads\/2024\/04\/Logo-Eco-Ecole-800x369.png 800w, https:\/\/www.isc-vdb.fr\/wp-content\/uploads\/2024\/04\/Logo-Eco-Ecole-1200x554.png 1200w, https:\/\/www.isc-vdb.fr\/wp-content\/uploads\/2024\/04\/Logo-Eco-Ecole.png 6614w\" data-sizes=\"auto\" data-orig-sizes=\"(max-width: 1024px) 100vw, (max-width: 640px) 100vw, 600px\" \/><\/span><\/div><\/div><\/div><div class=\"fusion-layout-column fusion_builder_column fusion-builder-column-2 fusion_builder_column_1_2 1_2 fusion-flex-column\" style=\"--awb-bg-size:cover;--awb-width-large:50%;--awb-margin-top-large:10px;--awb-spacing-right-large:3.84%;--awb-margin-bottom-large:10px;--awb-spacing-left-large:3.84%;--awb-width-medium:100%;--awb-order-medium:0;--awb-spacing-right-medium:1.92%;--awb-spacing-left-medium:1.92%;--awb-width-small:100%;--awb-order-small:0;--awb-spacing-right-small:1.92%;--awb-spacing-left-small:1.92%;\"><div class=\"fusion-column-wrapper fusion-column-has-shadow fusion-flex-justify-content-flex-start fusion-content-layout-column\"><div class=\"fusion-image-element \" style=\"text-align:left;--awb-margin-bottom:45px;--awb-max-width:175px;--awb-caption-title-font-family:var(--h2_typography-font-family);--awb-caption-title-font-weight:var(--h2_typography-font-weight);--awb-caption-title-font-style:var(--h2_typography-font-style);--awb-caption-title-size:var(--h2_typography-font-size);--awb-caption-title-transform:var(--h2_typography-text-transform);--awb-caption-title-line-height:var(--h2_typography-line-height);--awb-caption-title-letter-spacing:var(--h2_typography-letter-spacing);\"><span class=\" fusion-imageframe imageframe-none imageframe-2 hover-type-none\"><img decoding=\"async\" width=\"282\" height=\"179\" title=\"Label E3D\" src=\"https:\/\/www.isc-vdb.fr\/wp-content\/uploads\/2025\/06\/Label-E3D.png\" data-orig-src=\"https:\/\/www.isc-vdb.fr\/wp-content\/uploads\/2025\/06\/Label-E3D.png\" alt class=\"lazyload img-responsive wp-image-5006\" srcset=\"data:image\/svg+xml,%3Csvg%20xmlns%3D%27http%3A%2F%2Fwww.w3.org%2F2000%2Fsvg%27%20width%3D%27282%27%20height%3D%27179%27%20viewBox%3D%270%200%20282%20179%27%3E%3Crect%20width%3D%27282%27%20height%3D%27179%27%20fill-opacity%3D%220%22%2F%3E%3C%2Fsvg%3E\" data-srcset=\"https:\/\/www.isc-vdb.fr\/wp-content\/uploads\/2025\/06\/Label-E3D-200x127.png 200w, https:\/\/www.isc-vdb.fr\/wp-content\/uploads\/2025\/06\/Label-E3D.png 282w\" data-sizes=\"auto\" data-orig-sizes=\"(max-width: 1024px) 100vw, (max-width: 640px) 100vw, 282px\" \/><\/span><\/div><\/div><\/div><div class=\"fusion-layout-column fusion_builder_column fusion-builder-column-3 fusion_builder_column_2_3 2_3 fusion-flex-column\" style=\"--awb-bg-size:cover;--awb-width-large:66.666666666667%;--awb-margin-top-large:10px;--awb-spacing-right-large:2.88%;--awb-margin-bottom-large:10px;--awb-spacing-left-large:2.88%;--awb-width-medium:100%;--awb-order-medium:0;--awb-spacing-right-medium:1.92%;--awb-spacing-left-medium:1.92%;--awb-width-small:100%;--awb-order-small:0;--awb-spacing-right-small:1.92%;--awb-spacing-left-small:1.92%;\"><div class=\"fusion-column-wrapper fusion-column-has-shadow fusion-flex-justify-content-flex-start fusion-content-layout-column\"><div class=\"fusion-text fusion-text-2\" style=\"--awb-content-alignment:justify;\"><p>Depuis 2020-2021, l\u2019\u00e9tablissement s\u2019est progressivement lanc\u00e9 dans une d\u00e9marche visant \u00e0 promouvoir toutes les actions p\u00e9dagogiques et \u00e9ducatives tourn\u00e9es vers le <strong>d\u00e9veloppement durable<\/strong>.<\/p>\n<p>C\u2019est ainsi que l\u2019\u00e9cole, le coll\u00e8ge et le lyc\u00e9e ont mis en place des <strong>\u00e9co-d\u00e9l\u00e9gu\u00e9s<\/strong> au sein de chaque classe.<\/p>\n<p>Autour de th\u00e8mes annuellement choisis comme le recyclage, l\u2019alimentation, la biodiversit\u00e9, la sensibilisation aux \u00e9nergies vertes, etc\u2026, les \u00e9l\u00e8ves \u2013 et les adultes ! \u2013 construisent diff\u00e9rents projets qui rendent concr\u00e8tes les actions \u00e0 mettre en place pour \u00e9duquer \u00e0 la <strong>transition \u00e9cologique<\/strong> :<\/p>\n<ul>\n<li>Collecte de papiers et de piles pour le recyclage<\/li>\n<li>H\u00f4tels \u00e0 insectes<\/li>\n<li>Mise en place d\u2019un rucher en lien avec une apicultrice professionnelle<\/li>\n<li>Plantations des arbres relais<\/li>\n<li>Potagers<\/li>\n<li>Prairie fleurie<\/li>\n<li>Ramassage des d\u00e9chets<\/li>\n<li>R\u00e9colte de bouchons<\/li>\n<li>Semaine du go\u00fbt<\/li>\n<li>Tri des d\u00e9chets aux restaurants scolaires<\/li>\n<li>V\u00e9g\u00e9talisation de fa\u00e7ade<\/li>\n<li>\u2026<\/li>\n<\/ul>\n<p>Depuis 2022-2023, <strong>les trois entit\u00e9s du groupe scolaire sont \u00e9co-lab\u00e9lis\u00e9es<\/strong>.<\/p>\n<p>Depuis 2025, <strong>le coll\u00e8ge et le lyc\u00e9e ont obtenu le <a href=\"https:\/\/edd.ac-versailles.fr\/spip.php?rubrique113\" target=\"_blank\" rel=\"noopener\">label acad\u00e9mique E3D<\/a><\/strong> (\u00c9tablissement en D\u00e9marche globale de D\u00e9veloppement Durable).<\/p>\n<p>Au-del\u00e0 de l\u2019accompagnement des \u00e9co-d\u00e9l\u00e9gu\u00e9s, <strong>la politique de l\u2019\u00e9tablissement est r\u00e9solument tourn\u00e9e vers ces enjeux environnementaux<\/strong> : Toits v\u00e9g\u00e9talis\u00e9s pour les b\u00e2timents construits depuis 2011, \u00e9clairages LED (int\u00e9rieur et ext\u00e9rieur), isolation des b\u00e2timents,\u00a0 conservation et entretien du patrimoine v\u00e9g\u00e9tal de l\u2019ISC, traitement des bio-d\u00e9chets en compost, projet de diagnostiques environnementaux et \u00e9nerg\u00e9tiques en cours en lien avec l\u2019ADEME,\u2026<\/p>\n<\/div><\/div><\/div><div class=\"fusion-layout-column fusion_builder_column fusion-builder-column-4 fusion_builder_column_1_3 1_3 fusion-flex-column\" style=\"--awb-bg-size:cover;--awb-width-large:33.333333333333%;--awb-margin-top-large:10px;--awb-spacing-right-large:5.76%;--awb-margin-bottom-large:10px;--awb-spacing-left-large:5.76%;--awb-width-medium:100%;--awb-order-medium:0;--awb-spacing-right-medium:1.92%;--awb-spacing-left-medium:1.92%;--awb-width-small:100%;--awb-order-small:0;--awb-spacing-right-small:1.92%;--awb-spacing-left-small:1.92%;\"><div class=\"fusion-column-wrapper fusion-column-has-shadow fusion-flex-justify-content-flex-start fusion-content-layout-column\"><div class=\"fusion-image-element \" style=\"--awb-caption-title-font-family:var(--h2_typography-font-family);--awb-caption-title-font-weight:var(--h2_typography-font-weight);--awb-caption-title-font-style:var(--h2_typography-font-style);--awb-caption-title-size:var(--h2_typography-font-size);--awb-caption-title-transform:var(--h2_typography-text-transform);--awb-caption-title-line-height:var(--h2_typography-line-height);--awb-caption-title-letter-spacing:var(--h2_typography-letter-spacing);\"><span class=\" fusion-imageframe imageframe-none imageframe-3 awb-imageframe-style awb-imageframe-style-navin\" style=\"border-radius:25px;\"><img decoding=\"async\" width=\"1920\" height=\"2560\" title=\"Plantation arbre relai 2023\" src=\"https:\/\/www.isc-vdb.fr\/wp-content\/uploads\/2024\/04\/Plantation-arbre-relai-2023-scaled.jpg\" data-orig-src=\"https:\/\/www.informacyde.isc-vdb.fr\/wp-content\/uploads\/2024\/04\/Plantation-arbre-relai-2023-scaled.jpg\" alt class=\"lazyload img-responsive wp-image-2852\" srcset=\"data:image\/svg+xml,%3Csvg%20xmlns%3D%27http%3A%2F%2Fwww.w3.org%2F2000%2Fsvg%27%20width%3D%271920%27%20height%3D%272560%27%20viewBox%3D%270%200%201920%202560%27%3E%3Crect%20width%3D%271920%27%20height%3D%272560%27%20fill-opacity%3D%220%22%2F%3E%3C%2Fsvg%3E\" data-srcset=\"https:\/\/www.isc-vdb.fr\/wp-content\/uploads\/2024\/04\/Plantation-arbre-relai-2023-200x267.jpg 200w, https:\/\/www.isc-vdb.fr\/wp-content\/uploads\/2024\/04\/Plantation-arbre-relai-2023-400x533.jpg 400w, https:\/\/www.isc-vdb.fr\/wp-content\/uploads\/2024\/04\/Plantation-arbre-relai-2023-600x800.jpg 600w, https:\/\/www.isc-vdb.fr\/wp-content\/uploads\/2024\/04\/Plantation-arbre-relai-2023-800x1067.jpg 800w, https:\/\/www.isc-vdb.fr\/wp-content\/uploads\/2024\/04\/Plantation-arbre-relai-2023-1200x1600.jpg 1200w, https:\/\/www.isc-vdb.fr\/wp-content\/uploads\/2024\/04\/Plantation-arbre-relai-2023-scaled.jpg 1920w\" data-sizes=\"auto\" data-orig-sizes=\"(max-width: 1024px) 100vw, (max-width: 640px) 100vw, 400px\" \/><div class=\"awb-imageframe-caption-container\"><div class=\"awb-imageframe-caption\"><h2 class=\"awb-imageframe-caption-title\">Plantation de l'arbre relais<\/h2><\/div><\/div><\/span><\/div><\/div><\/div><\/div><\/div><div class=\"fusion-fullwidth fullwidth-box fusion-builder-row-3 fusion-flex-container has-pattern-background has-mask-background nonhundred-percent-fullwidth non-hundred-percent-height-scrolling\" style=\"--awb-border-radius-top-left:0px;--awb-border-radius-top-right:0px;--awb-border-radius-bottom-right:0px;--awb-border-radius-bottom-left:0px;--awb-margin-top:60px;--awb-margin-bottom:50px;--awb-flex-wrap:wrap;\" ><div class=\"fusion-builder-row fusion-row fusion-flex-align-items-center fusion-flex-content-wrap\" style=\"max-width:1248px;margin-left: calc(-4% \/ 2 );margin-right: calc(-4% \/ 2 );\"><div class=\"fusion-layout-column fusion_builder_column fusion-builder-column-5 fusion_builder_column_1_3 1_3 fusion-flex-column\" style=\"--awb-bg-size:cover;--awb-width-large:33.333333333333%;--awb-margin-top-large:10px;--awb-spacing-right-large:5.76%;--awb-margin-bottom-large:10px;--awb-spacing-left-large:5.76%;--awb-width-medium:100%;--awb-order-medium:0;--awb-spacing-right-medium:1.92%;--awb-spacing-left-medium:1.92%;--awb-width-small:100%;--awb-order-small:0;--awb-spacing-right-small:1.92%;--awb-spacing-left-small:1.92%;\"><div class=\"fusion-column-wrapper fusion-column-has-shadow fusion-flex-justify-content-flex-start fusion-content-layout-column\"><div class=\"fusion-image-element \" style=\"--awb-caption-title-font-family:var(--h3_typography-font-family);--awb-caption-title-font-weight:var(--h3_typography-font-weight);--awb-caption-title-font-style:var(--h3_typography-font-style);--awb-caption-title-size:var(--h3_typography-font-size);--awb-caption-title-transform:var(--h3_typography-text-transform);--awb-caption-title-line-height:var(--h3_typography-line-height);--awb-caption-title-letter-spacing:var(--h3_typography-letter-spacing);\"><span class=\" fusion-imageframe imageframe-none imageframe-4 awb-imageframe-style awb-imageframe-style-navin\" style=\"border-radius:25px;\"><a href=\"https:\/\/www.informacyde.isc-vdb.fr\/wp-content\/uploads\/2024\/04\/rucher-scaled.jpg\" class=\"fusion-lightbox\" data-rel=\"iLightbox[602741cd3c51c7142ca]\" data-title=\"rucher\" title=\"rucher\"><img decoding=\"async\" width=\"2560\" height=\"1920\" src=\"https:\/\/www.isc-vdb.fr\/wp-content\/uploads\/2024\/04\/rucher-scaled.jpg\" data-orig-src=\"https:\/\/www.informacyde.isc-vdb.fr\/wp-content\/uploads\/2024\/04\/rucher-scaled.jpg\" alt class=\"lazyload img-responsive wp-image-2855\" srcset=\"data:image\/svg+xml,%3Csvg%20xmlns%3D%27http%3A%2F%2Fwww.w3.org%2F2000%2Fsvg%27%20width%3D%272560%27%20height%3D%271920%27%20viewBox%3D%270%200%202560%201920%27%3E%3Crect%20width%3D%272560%27%20height%3D%271920%27%20fill-opacity%3D%220%22%2F%3E%3C%2Fsvg%3E\" data-srcset=\"https:\/\/www.isc-vdb.fr\/wp-content\/uploads\/2024\/04\/rucher-200x150.jpg 200w, https:\/\/www.isc-vdb.fr\/wp-content\/uploads\/2024\/04\/rucher-400x300.jpg 400w, https:\/\/www.isc-vdb.fr\/wp-content\/uploads\/2024\/04\/rucher-600x450.jpg 600w, https:\/\/www.isc-vdb.fr\/wp-content\/uploads\/2024\/04\/rucher-800x600.jpg 800w, https:\/\/www.isc-vdb.fr\/wp-content\/uploads\/2024\/04\/rucher-1200x900.jpg 1200w, https:\/\/www.isc-vdb.fr\/wp-content\/uploads\/2024\/04\/rucher-scaled.jpg 2560w\" data-sizes=\"auto\" data-orig-sizes=\"(max-width: 1024px) 100vw, (max-width: 640px) 100vw, 400px\" \/><div class=\"awb-imageframe-caption-container\"><div class=\"awb-imageframe-caption\"><h3 class=\"awb-imageframe-caption-title\">Rucher<\/h3><\/div><\/div><\/a><\/span><\/div><\/div><\/div><div class=\"fusion-layout-column fusion_builder_column fusion-builder-column-6 fusion_builder_column_1_3 1_3 fusion-flex-column\" style=\"--awb-bg-size:cover;--awb-width-large:33.333333333333%;--awb-margin-top-large:10px;--awb-spacing-right-large:5.76%;--awb-margin-bottom-large:10px;--awb-spacing-left-large:5.76%;--awb-width-medium:100%;--awb-order-medium:0;--awb-spacing-right-medium:1.92%;--awb-spacing-left-medium:1.92%;--awb-width-small:100%;--awb-order-small:0;--awb-spacing-right-small:1.92%;--awb-spacing-left-small:1.92%;\"><div class=\"fusion-column-wrapper fusion-column-has-shadow fusion-flex-justify-content-flex-start fusion-content-layout-column\"><div class=\"fusion-image-element \" style=\"--awb-caption-title-font-family:var(--h3_typography-font-family);--awb-caption-title-font-weight:var(--h3_typography-font-weight);--awb-caption-title-font-style:var(--h3_typography-font-style);--awb-caption-title-size:var(--h3_typography-font-size);--awb-caption-title-transform:var(--h3_typography-text-transform);--awb-caption-title-line-height:var(--h3_typography-line-height);--awb-caption-title-letter-spacing:var(--h3_typography-letter-spacing);\"><span class=\" fusion-imageframe imageframe-none imageframe-5 awb-imageframe-style awb-imageframe-style-navin\" style=\"border-radius:25px;\"><a href=\"https:\/\/www.informacyde.isc-vdb.fr\/wp-content\/uploads\/2024\/04\/Rammasage-dechets-scaled.jpg\" class=\"fusion-lightbox\" data-rel=\"iLightbox[b99965ef720b60d2fe5]\" data-title=\"Ramassage d\u00e9chet\" title=\"Ramassage d\u00e9chet\"><img decoding=\"async\" width=\"2560\" height=\"1440\" src=\"https:\/\/www.isc-vdb.fr\/wp-content\/uploads\/2024\/04\/Rammasage-dechets-scaled.jpg\" data-orig-src=\"https:\/\/www.informacyde.isc-vdb.fr\/wp-content\/uploads\/2024\/04\/Rammasage-dechets-scaled.jpg\" alt class=\"lazyload img-responsive wp-image-2853\" srcset=\"data:image\/svg+xml,%3Csvg%20xmlns%3D%27http%3A%2F%2Fwww.w3.org%2F2000%2Fsvg%27%20width%3D%272560%27%20height%3D%271440%27%20viewBox%3D%270%200%202560%201440%27%3E%3Crect%20width%3D%272560%27%20height%3D%271440%27%20fill-opacity%3D%220%22%2F%3E%3C%2Fsvg%3E\" data-srcset=\"https:\/\/www.isc-vdb.fr\/wp-content\/uploads\/2024\/04\/Rammasage-dechets-200x113.jpg 200w, https:\/\/www.isc-vdb.fr\/wp-content\/uploads\/2024\/04\/Rammasage-dechets-400x225.jpg 400w, https:\/\/www.isc-vdb.fr\/wp-content\/uploads\/2024\/04\/Rammasage-dechets-600x338.jpg 600w, https:\/\/www.isc-vdb.fr\/wp-content\/uploads\/2024\/04\/Rammasage-dechets-800x450.jpg 800w, https:\/\/www.isc-vdb.fr\/wp-content\/uploads\/2024\/04\/Rammasage-dechets-1200x675.jpg 1200w, https:\/\/www.isc-vdb.fr\/wp-content\/uploads\/2024\/04\/Rammasage-dechets-scaled.jpg 2560w\" data-sizes=\"auto\" data-orig-sizes=\"(max-width: 1024px) 100vw, (max-width: 640px) 100vw, 400px\" \/><div class=\"awb-imageframe-caption-container\"><div class=\"awb-imageframe-caption\"><h3 class=\"awb-imageframe-caption-title\">Ramassage des d\u00e9chets<\/h3><\/div><\/div><\/a><\/span><\/div><\/div><\/div><div class=\"fusion-layout-column fusion_builder_column fusion-builder-column-7 fusion_builder_column_1_3 1_3 fusion-flex-column\" style=\"--awb-bg-size:cover;--awb-width-large:33.333333333333%;--awb-margin-top-large:10px;--awb-spacing-right-large:5.76%;--awb-margin-bottom-large:10px;--awb-spacing-left-large:5.76%;--awb-width-medium:100%;--awb-order-medium:0;--awb-spacing-right-medium:1.92%;--awb-spacing-left-medium:1.92%;--awb-width-small:100%;--awb-order-small:0;--awb-spacing-right-small:1.92%;--awb-spacing-left-small:1.92%;\"><div class=\"fusion-column-wrapper fusion-column-has-shadow fusion-flex-justify-content-flex-start fusion-content-layout-column\"><div class=\"fusion-image-element \" style=\"--awb-caption-title-font-family:var(--h3_typography-font-family);--awb-caption-title-font-weight:var(--h3_typography-font-weight);--awb-caption-title-font-style:var(--h3_typography-font-style);--awb-caption-title-size:var(--h3_typography-font-size);--awb-caption-title-transform:var(--h3_typography-text-transform);--awb-caption-title-line-height:var(--h3_typography-line-height);--awb-caption-title-letter-spacing:var(--h3_typography-letter-spacing);\"><span class=\" fusion-imageframe imageframe-none imageframe-6 awb-imageframe-style awb-imageframe-style-navin\" style=\"border-radius:25px;\"><a href=\"https:\/\/www.informacyde.isc-vdb.fr\/wp-content\/uploads\/2024\/04\/Rammasage-des-dechets-scaled.jpg\" class=\"fusion-lightbox\" data-rel=\"iLightbox[a3b9ad209fad7778bfa]\" data-title=\"Rammasage des de\u0301chets\" title=\"Rammasage des de\u0301chets\"><img decoding=\"async\" width=\"2560\" height=\"1920\" src=\"https:\/\/www.isc-vdb.fr\/wp-content\/uploads\/2024\/04\/Rammasage-des-dechets-scaled.jpg\" data-orig-src=\"https:\/\/www.informacyde.isc-vdb.fr\/wp-content\/uploads\/2024\/04\/Rammasage-des-dechets-scaled.jpg\" alt class=\"lazyload img-responsive wp-image-2854\" srcset=\"data:image\/svg+xml,%3Csvg%20xmlns%3D%27http%3A%2F%2Fwww.w3.org%2F2000%2Fsvg%27%20width%3D%272560%27%20height%3D%271920%27%20viewBox%3D%270%200%202560%201920%27%3E%3Crect%20width%3D%272560%27%20height%3D%271920%27%20fill-opacity%3D%220%22%2F%3E%3C%2Fsvg%3E\" data-srcset=\"https:\/\/www.isc-vdb.fr\/wp-content\/uploads\/2024\/04\/Rammasage-des-dechets-200x150.jpg 200w, https:\/\/www.isc-vdb.fr\/wp-content\/uploads\/2024\/04\/Rammasage-des-dechets-400x300.jpg 400w, https:\/\/www.isc-vdb.fr\/wp-content\/uploads\/2024\/04\/Rammasage-des-dechets-600x450.jpg 600w, https:\/\/www.isc-vdb.fr\/wp-content\/uploads\/2024\/04\/Rammasage-des-dechets-800x600.jpg 800w, https:\/\/www.isc-vdb.fr\/wp-content\/uploads\/2024\/04\/Rammasage-des-dechets-1200x900.jpg 1200w, https:\/\/www.isc-vdb.fr\/wp-content\/uploads\/2024\/04\/Rammasage-des-dechets-scaled.jpg 2560w\" data-sizes=\"auto\" data-orig-sizes=\"(max-width: 1024px) 100vw, (max-width: 640px) 100vw, 400px\" \/><div class=\"awb-imageframe-caption-container\"><div class=\"awb-imageframe-caption\"><h3 class=\"awb-imageframe-caption-title\">Ramassage des d\u00e9chets<\/h3><\/div><\/div><\/a><\/span><\/div><\/div><\/div><\/div><\/div><\/p>\n","protected":false},"excerpt":{"rendered":"","protected":false},"author":1,"featured_media":0,"parent":0,"menu_order":0,"comment_status":"closed","ping_status":"closed","template":"100-width.php","meta":{"footnotes":""},"class_list":["post-2584","page","type-page","status-publish","hentry"],"_links":{"self":[{"href":"https:\/\/www.isc-vdb.fr\/index.php\/wp-json\/wp\/v2\/pages\/2584","targetHints":{"allow":["GET"]}}],"collection":[{"href":"https:\/\/www.isc-vdb.fr\/index.php\/wp-json\/wp\/v2\/pages"}],"about":[{"href":"https:\/\/www.isc-vdb.fr\/index.php\/wp-json\/wp\/v2\/types\/page"}],"author":[{"embeddable":true,"href":"https:\/\/www.isc-vdb.fr\/index.php\/wp-json\/wp\/v2\/users\/1"}],"replies":[{"embeddable":true,"href":"https:\/\/www.isc-vdb.fr\/index.php\/wp-json\/wp\/v2\/comments?post=2584"}],"version-history":[{"count":0,"href":"https:\/\/www.isc-vdb.fr\/index.php\/wp-json\/wp\/v2\/pages\/2584\/revisions"}],"wp:attachment":[{"href":"https:\/\/www.isc-vdb.fr\/index.php\/wp-json\/wp\/v2\/media?parent=2584"}],"curies":[{"name":"wp","href":"https:\/\/api.w.org\/{rel}","templated":true}]}}