{"id":2606,"date":"2024-02-20T15:53:20","date_gmt":"2024-02-20T14:53:20","guid":{"rendered":"https:\/\/www.informacyde.isc-vdb.fr\/?page_id=2606"},"modified":"2024-08-27T18:06:11","modified_gmt":"2024-08-27T16:06:11","slug":"presentation-du-college","status":"publish","type":"page","link":"https:\/\/www.isc-vdb.fr\/index.php\/presentation-du-college\/","title":{"rendered":"Pr\u00e9sentation du coll\u00e8ge"},"content":{"rendered":"<p><div class=\"fusion-fullwidth fullwidth-box fusion-builder-row-1 fusion-flex-container has-pattern-background has-mask-background fusion-parallax-none hundred-percent-fullwidth non-hundred-percent-height-scrolling lazyload\" style=\"--awb-border-radius-top-left:0px;--awb-border-radius-top-right:0px;--awb-border-radius-bottom-right:0px;--awb-border-radius-bottom-left:0px;--awb-padding-top:100px;--awb-padding-bottom:100px;--awb-margin-bottom:60px;--awb-background-size:cover;--awb-flex-wrap:wrap;\" data-bg=\"https:\/\/www.informacyde.isc-vdb.fr\/wp-content\/uploads\/2024\/07\/Nouvelle-photo-bandeau-page-presnetation-college.webp\" ><div class=\"awb-background-mask\" style=\"background-image:  url(data:image\/svg+xml;utf8,%3Csvg%20width%3D%221920%22%20height%3D%22954%22%20fill%3D%22none%22%20xmlns%3D%22http%3A%2F%2Fwww.w3.org%2F2000%2Fsvg%22%3E%3Cg%20clip-path%3D%22url%28%23prefix__prefix__clip0_77_23452%29%22%3E%3Cpath%20fill-rule%3D%22evenodd%22%20clip-rule%3D%22evenodd%22%20d%3D%22M1353%20308.5c0%20255.507-131.58%20485.45-341.45%20645.5-187.291%20142.83-436.933%20230-711.05%20230C-280.78%201184-752%20792.025-752%20308.5S-280.78-567%20300.5-567c450.743%200%20835.31%20235.692%20985.3%20567%2043.44%2095.948%2067.2%20199.916%2067.2%20308.5z%22%20fill%3D%22rgba%28255%2C255%2C255%2C1%29%22%2F%3E%3Cpath%20d%3D%22M1321.57%20538C1357.08%20287.516%201273.7%2089.91%201127-.418L1374.18-6c65.77%20100.68-15.89%20431.512-52.61%20544zM312%20955c432.242%200%20746.77-180.667%20850-271-90.34%20157.09-176.766%20246.121-208.688%20271H312z%22%20fill%3D%22rgba%28255%2C255%2C255%2C1%29%22%20fill-opacity%3D%22.25%22%2F%3E%3Cpath%20d%3D%22M1344.5%20427c0-252.4-212.67-390.833-319-428.5H1373c70%2082.4%2010.17%20320-28.5%20428.5z%22%20fill%3D%22rgba%28255%2C255%2C255%2C1%29%22%20fill-opacity%3D%22.1%22%2F%3E%3Cpath%20fill-rule%3D%22evenodd%22%20clip-rule%3D%22evenodd%22%20d%3D%22M1337%20184.5c0%20324.402-198.63%20609.049-497.356%20769.5H0V0h1285.8c-149.99-331.308-534.557-567-985.3-567C-280.78-567-752-175.025-752%20308.5c0%2040.898%203.371%2081.142%209.895%20120.549C-617.527%20811.461-207.995%201092%20278%201092c206.311%200%20398.842-50.56%20561.644-138h171.906C1221.42%20793.95%201353%20564.007%201353%20308.5c0-53.218-5.71-105.326-16.64-155.925.42%2010.596.64%2021.239.64%2031.925z%22%20fill%3D%22rgba%28255%2C255%2C255%2C1%29%22%20fill-opacity%3D%22.5%22%2F%3E%3C%2Fg%3E%3Cdefs%3E%3CclipPath%20id%3D%22prefix__prefix__clip0_77_23452%22%3E%3Cpath%20fill%3D%22rgba%28255%2C255%2C255%2C1%29%22%20d%3D%22M0%200h1920v954H0z%22%2F%3E%3C%2FclipPath%3E%3C%2Fdefs%3E%3C%2Fsvg%3E);opacity: 1 ;transform: scale(-1, 1);mix-blend-mode:soft-light;\"><\/div><div class=\"fusion-builder-row fusion-row fusion-flex-align-items-flex-start fusion-flex-content-wrap\" style=\"width:104% !important;max-width:104% !important;margin-left: calc(-4% \/ 2 );margin-right: calc(-4% \/ 2 );\"><div class=\"fusion-layout-column fusion_builder_column fusion-builder-column-0 fusion_builder_column_1_1 1_1 fusion-flex-column\" style=\"--awb-bg-size:cover;--awb-width-large:100%;--awb-margin-top-large:10px;--awb-spacing-right-large:1.92%;--awb-margin-bottom-large:10px;--awb-spacing-left-large:1.92%;--awb-width-medium:100%;--awb-order-medium:0;--awb-spacing-right-medium:1.92%;--awb-spacing-left-medium:1.92%;--awb-width-small:100%;--awb-order-small:0;--awb-spacing-right-small:1.92%;--awb-spacing-left-small:1.92%;\"><div class=\"fusion-column-wrapper fusion-column-has-shadow fusion-flex-justify-content-flex-start fusion-content-layout-column\"><div class=\"fusion-text fusion-text-1 fusion-animated\" style=\"--awb-content-alignment:center;--awb-font-size:50px;--awb-text-color:var(--awb-color1);--awb-text-font-family:&quot;Ebima gras&quot;;--awb-text-font-style:normal;--awb-text-font-weight:400;\" data-animationType=\"fadeInDown\" data-animationDuration=\"0.8\" data-animationOffset=\"top-into-view\"><p>Pr\u00e9sentation du coll\u00e8ge<\/p>\n<\/div><nav class=\"fusion-breadcrumbs fusion-breadcrumbs-1 fusion-animated\" style=\"--awb-alignment:center;--awb-breadcrumb-sep:&#039;\/&#039;;text-align:center;\" aria-label=\"Breadcrumb\" data-animationType=\"fadeInDown\" data-animationDuration=\"0.8\" data-animationDelay=\"0.5\" data-animationOffset=\"top-into-view\"><ol class=\"awb-breadcrumb-list\"><li class=\"fusion-breadcrumb-item awb-breadcrumb-sep awb-home\" ><a href=\"https:\/\/www.isc-vdb.fr\" class=\"fusion-breadcrumb-link\"><span >Home<\/span><\/a><\/li><\/ol><\/nav><\/div><\/div><\/div><\/div><div class=\"fusion-fullwidth fullwidth-box fusion-builder-row-2 fusion-flex-container has-pattern-background has-mask-background nonhundred-percent-fullwidth non-hundred-percent-height-scrolling\" style=\"--awb-border-radius-top-left:0px;--awb-border-radius-top-right:0px;--awb-border-radius-bottom-right:0px;--awb-border-radius-bottom-left:0px;--awb-flex-wrap:wrap;\" ><div class=\"fusion-builder-row fusion-row fusion-flex-align-items-flex-start fusion-flex-content-wrap\" style=\"max-width:1248px;margin-left: calc(-4% \/ 2 );margin-right: calc(-4% \/ 2 );\"><div class=\"fusion-layout-column fusion_builder_column fusion-builder-column-1 fusion_builder_column_1_1 1_1 fusion-flex-column\" style=\"--awb-bg-size:cover;--awb-width-large:100%;--awb-margin-top-large:10px;--awb-spacing-right-large:1.92%;--awb-margin-bottom-large:10px;--awb-spacing-left-large:1.92%;--awb-width-medium:100%;--awb-order-medium:0;--awb-spacing-right-medium:1.92%;--awb-spacing-left-medium:1.92%;--awb-width-small:100%;--awb-order-small:0;--awb-spacing-right-small:1.92%;--awb-spacing-left-small:1.92%;\"><div class=\"fusion-column-wrapper fusion-column-has-shadow fusion-flex-justify-content-flex-start fusion-content-layout-column\"><div class=\"fusion-text fusion-text-2 fusion-animated\" style=\"--awb-content-alignment:justify;\" data-animationType=\"fadeInUp\" data-animationDuration=\"1.0\" data-animationOffset=\"top-into-view\"><p><img decoding=\"async\" class=\"lazyload  wp-image-2983 alignleft\" src=\"https:\/\/www.informacyde.isc-vdb.fr\/wp-content\/uploads\/2024\/06\/Blason-College-ecusson-scaled.jpg\" data-orig-src=\"https:\/\/www.informacyde.isc-vdb.fr\/wp-content\/uploads\/2024\/06\/Blason-College-ecusson-scaled.jpg\" alt=\"\" width=\"219\" height=\"165\" srcset=\"data:image\/svg+xml,%3Csvg%20xmlns%3D%27http%3A%2F%2Fwww.w3.org%2F2000%2Fsvg%27%20width%3D%27219%27%20height%3D%27165%27%20viewBox%3D%270%200%20219%20165%27%3E%3Crect%20width%3D%27219%27%20height%3D%27165%27%20fill-opacity%3D%220%22%2F%3E%3C%2Fsvg%3E\" data-srcset=\"https:\/\/www.isc-vdb.fr\/wp-content\/uploads\/2024\/06\/Blason-College-ecusson-66x50.jpg 66w, https:\/\/www.isc-vdb.fr\/wp-content\/uploads\/2024\/06\/Blason-College-ecusson-177x133.jpg 177w, https:\/\/www.isc-vdb.fr\/wp-content\/uploads\/2024\/06\/Blason-College-ecusson-200x150.jpg 200w, https:\/\/www.isc-vdb.fr\/wp-content\/uploads\/2024\/06\/Blason-College-ecusson-300x225.jpg 300w, https:\/\/www.isc-vdb.fr\/wp-content\/uploads\/2024\/06\/Blason-College-ecusson-320x240.jpg 320w, https:\/\/www.isc-vdb.fr\/wp-content\/uploads\/2024\/06\/Blason-College-ecusson-400x300.jpg 400w, https:\/\/www.isc-vdb.fr\/wp-content\/uploads\/2024\/06\/Blason-College-ecusson-460x345.jpg 460w, https:\/\/www.isc-vdb.fr\/wp-content\/uploads\/2024\/06\/Blason-College-ecusson-540x405.jpg 540w, https:\/\/www.isc-vdb.fr\/wp-content\/uploads\/2024\/06\/Blason-College-ecusson-600x450.jpg 600w, https:\/\/www.isc-vdb.fr\/wp-content\/uploads\/2024\/06\/Blason-College-ecusson-669x502.jpg 669w, https:\/\/www.isc-vdb.fr\/wp-content\/uploads\/2024\/06\/Blason-College-ecusson-700x525.jpg 700w, https:\/\/www.isc-vdb.fr\/wp-content\/uploads\/2024\/06\/Blason-College-ecusson-768x576.jpg 768w, https:\/\/www.isc-vdb.fr\/wp-content\/uploads\/2024\/06\/Blason-College-ecusson-800x600.jpg 800w, https:\/\/www.isc-vdb.fr\/wp-content\/uploads\/2024\/06\/Blason-College-ecusson-940x705.jpg 940w, https:\/\/www.isc-vdb.fr\/wp-content\/uploads\/2024\/06\/Blason-College-ecusson-1024x768.jpg 1024w, https:\/\/www.isc-vdb.fr\/wp-content\/uploads\/2024\/06\/Blason-College-ecusson-1200x900.jpg 1200w, https:\/\/www.isc-vdb.fr\/wp-content\/uploads\/2024\/06\/Blason-College-ecusson-1536x1152.jpg 1536w, https:\/\/www.isc-vdb.fr\/wp-content\/uploads\/2024\/06\/Blason-College-ecusson-scaled.jpg 2560w\" data-sizes=\"auto\" data-orig-sizes=\"(max-width: 219px) 100vw, 219px\" \/>Notre coll\u00e8ge Emmanuel d\u2019Alzon compte 32 classes (8 par niveau) soit environ <strong>1020 \u00e9l\u00e8ves<\/strong>. Tous suivent l\u2019Anglais en <strong>LV1<\/strong>&nbsp;; l\u2019Allemand ou l\u2019Espagnol en <strong>LV2<\/strong>.<\/p>\n<p>Les professeurs et personnels de vie scolaire accompagnent les jeunes vers le Dipl\u00f4me National du Brevet et l\u2019entr\u00e9e au lyc\u00e9e. Au cours de ces quatre ann\u00e9es, nous mettons tout en \u0153uvre pour permettre \u00e0 chaque \u00e9l\u00e8ve de <strong>trouver et construire son chemin et de vivre un plein \u00e9panouissement.<\/strong><\/p>\n<p><strong>&nbsp;<\/strong><\/p>\n<p>Nous proposons un enseignement de qualit\u00e9, qui prend en compte la diversit\u00e9 des \u00e9l\u00e8ves que nous accueillons.<\/p>\n<p>Cela est possible gr\u00e2ce \u00e0 un travail collectif et \u00e0 un certain nombre de dispositifs :<\/p>\n<ul>\n<li>Une \u00e9quipe d\u2019encadrants qui est \u00e0 l\u2019\u00e9coute des \u00e9l\u00e8ves et de leur famille : professeurs, \u00e9ducateurs, psychologue, infirmi\u00e8re, agents administratifs&nbsp;;<\/li>\n<li>Une prise en compte et une aide \u00e0 la mise en place des am\u00e9nagements afin d\u2019accueillir au mieux les \u00e9l\u00e8ves plus fragiles (PAI, PAP ou autres am\u00e9nagements)&nbsp;;<\/li>\n<li>Une attention particuli\u00e8re port\u00e9e aux \u00e9l\u00e8ves de 6<sup>\u00e8me<\/sup> pour asseoir leur int\u00e9gration&nbsp;;<\/li>\n<li>Un travail d\u2019accompagnement au choix de l\u2019orientation d\u00e8s la 4<sup>\u00e8me<\/sup> pour pr\u00e9parer l\u2019entr\u00e9e au lyc\u00e9e g\u00e9n\u00e9ral, technologique ou professionnel&nbsp;;<\/li>\n<li>Un dispositif ULIS pour accompagner les \u00e9l\u00e8ves en situation de handicap&nbsp;;<\/li>\n<li>Des projets p\u00e9dagogiques divers et vari\u00e9s propos\u00e9s par une \u00e9quipe de professeurs dynamique et motiv\u00e9e, projets qui permettent aux \u00e9l\u00e8ves de s\u2019\u00e9panouir au travers de leurs centres d\u2019int\u00e9r\u00eat&nbsp;;<\/li>\n<li>Une association sportive active qui repr\u00e9sente brillamment l\u2019\u00e9tablissement au niveau d\u00e9partemental, r\u00e9gional et m\u00eame national&nbsp;;<\/li>\n<li>Une \u00e9quipe d\u2019animation pastorale pour aider les \u00e9l\u00e8ves \u00e0 cheminer dans leurs r\u00e9flexions spirituelles.<\/li>\n<\/ul>\n<p>Tout ceci doit permettre \u00e0 chaque \u00e9l\u00e8ve d\u2019atteindre son maximum tout en gardant une dimension d\u2019humanit\u00e9.<\/p>\n<p>L\u2019esprit de notre p\u00e8re fondateur, Emmanuel d\u2019Alzon, l\u2019exigence dans la bienveillance, est ainsi pr\u00e9sent dans notre quotidien, pour l\u2019\u00e9panouissement de nos \u00e9l\u00e8ves.<\/p>\n<p>Bonne visite&nbsp;!<\/p>\n<p style=\"text-align: right;\">Pierre-Louis HATTON<br \/>Directeur du Coll\u00e8ge<\/p>\n<\/div><\/div><\/div><\/div><\/div><div class=\"fusion-fullwidth fullwidth-box fusion-builder-row-3 fusion-flex-container has-pattern-background has-mask-background nonhundred-percent-fullwidth non-hundred-percent-height-scrolling\" style=\"--awb-border-radius-top-left:0px;--awb-border-radius-top-right:0px;--awb-border-radius-bottom-right:0px;--awb-border-radius-bottom-left:0px;--awb-margin-top:30px;--awb-margin-bottom:50px;--awb-background-color:var(--awb-custom_color_2);--awb-flex-wrap:wrap;\" ><div class=\"fusion-builder-row fusion-row fusion-flex-align-items-flex-start fusion-flex-content-wrap\" style=\"max-width:1248px;margin-left: calc(-4% \/ 2 );margin-right: calc(-4% \/ 2 );\"><div class=\"fusion-layout-column fusion_builder_column fusion-builder-column-2 fusion_builder_column_1_1 1_1 fusion-flex-column\" style=\"--awb-bg-color:var(--awb-custom_color_2);--awb-bg-color-hover:var(--awb-custom_color_2);--awb-bg-size:cover;--awb-width-large:100%;--awb-margin-top-large:10px;--awb-spacing-right-large:1.92%;--awb-margin-bottom-large:10px;--awb-spacing-left-large:1.92%;--awb-width-medium:100%;--awb-order-medium:0;--awb-spacing-right-medium:1.92%;--awb-spacing-left-medium:1.92%;--awb-width-small:100%;--awb-order-small:0;--awb-spacing-right-small:1.92%;--awb-spacing-left-small:1.92%;\"><div class=\"fusion-column-wrapper fusion-column-has-shadow fusion-flex-justify-content-flex-start fusion-content-layout-column\"><div class=\"fusion-title title fusion-title-1 fusion-sep-none fusion-title-center fusion-title-text fusion-title-size-three\" style=\"--awb-text-color:var(--awb-color1);\"><h3 class=\"fusion-title-heading title-heading-center fusion-responsive-typography-calculated\" style=\"margin:0;text-transform:none;--fontSize:24;line-height:var(--awb-typography1-line-height);\">R\u00e9sultats au Brevet des coll\u00e8ges<\/h3><\/div><\/div><\/div><div class=\"fusion-layout-column fusion_builder_column fusion-builder-column-3 fusion_builder_column_1_2 1_2 fusion-flex-column\" style=\"--awb-bg-size:cover;--awb-width-large:50%;--awb-margin-top-large:10px;--awb-spacing-right-large:3.84%;--awb-margin-bottom-large:10px;--awb-spacing-left-large:3.84%;--awb-width-medium:100%;--awb-order-medium:0;--awb-spacing-right-medium:1.92%;--awb-spacing-left-medium:1.92%;--awb-width-small:100%;--awb-order-small:0;--awb-spacing-right-small:1.92%;--awb-spacing-left-small:1.92%;\"><div class=\"fusion-column-wrapper fusion-column-has-shadow fusion-flex-justify-content-flex-start fusion-content-layout-column\"><div class=\"fusion-text fusion-text-3\" style=\"--awb-text-color:var(--awb-color1);--awb-margin-left:40px;\"><p><strong>Juillet 2024 :<\/strong><\/p>\n<p>243 candidats<br \/>\n100% de r\u00e9ussite dont 98.5% avec mention<br \/>\n37.9% de mention Tr\u00e8s Bien<br \/>\n41.9% de mention Bien<br \/>\n17.3% de mention Assez Bien<\/p>\n<p><strong>Juillet 2023&nbsp;:<\/strong><\/p>\n<p>245 candidats<br \/>\n100% de r\u00e9ussite dont 98.5% avec mention<br \/>\n46.5% de mention Tr\u00e8s Bien<br \/>\n40.5% de mention Bien<br \/>\n10.5% de mention Assez Bien<\/p>\n<\/div><\/div><\/div><div class=\"fusion-layout-column fusion_builder_column fusion-builder-column-4 fusion_builder_column_1_2 1_2 fusion-flex-column\" style=\"--awb-bg-size:cover;--awb-width-large:50%;--awb-margin-top-large:10px;--awb-spacing-right-large:3.84%;--awb-margin-bottom-large:10px;--awb-spacing-left-large:3.84%;--awb-width-medium:100%;--awb-order-medium:0;--awb-spacing-right-medium:1.92%;--awb-spacing-left-medium:1.92%;--awb-width-small:100%;--awb-order-small:0;--awb-spacing-right-small:1.92%;--awb-spacing-left-small:1.92%;\"><div class=\"fusion-column-wrapper fusion-column-has-shadow fusion-flex-justify-content-flex-start fusion-content-layout-column\"><div class=\"fusion-text fusion-text-4\" style=\"--awb-text-color:var(--awb-color1);--awb-margin-left:40px;\"><p><strong>Juillet 2022&nbsp;: <\/strong><\/p>\n<p>227 candidats<br \/>100 % de r\u00e9ussite dont 98,7 % avec mention<br \/>38,1 % de mention Tr\u00e8s Bien<br \/>43,8 % de mention Bien<br \/>16,8 % de mention Assez Bien<\/p>\n<p><strong>Juillet 2021&nbsp;:<\/strong><\/p>\n<p>241 candidats<br \/>100 % de r\u00e9ussite dont 93,5 % avec mention<br \/>44,5 % de mention Tr\u00e8s Bien<br \/>32,5 % de mention Bien<br \/>16,5 % de mention Assez Bien<\/p>\n<\/div><\/div><\/div><\/div><\/div><\/p>\n","protected":false},"excerpt":{"rendered":"","protected":false},"author":1,"featured_media":0,"parent":0,"menu_order":0,"comment_status":"closed","ping_status":"closed","template":"100-width.php","meta":{"footnotes":""},"class_list":["post-2606","page","type-page","status-publish","hentry"],"_links":{"self":[{"href":"https:\/\/www.isc-vdb.fr\/index.php\/wp-json\/wp\/v2\/pages\/2606","targetHints":{"allow":["GET"]}}],"collection":[{"href":"https:\/\/www.isc-vdb.fr\/index.php\/wp-json\/wp\/v2\/pages"}],"about":[{"href":"https:\/\/www.isc-vdb.fr\/index.php\/wp-json\/wp\/v2\/types\/page"}],"author":[{"embeddable":true,"href":"https:\/\/www.isc-vdb.fr\/index.php\/wp-json\/wp\/v2\/users\/1"}],"replies":[{"embeddable":true,"href":"https:\/\/www.isc-vdb.fr\/index.php\/wp-json\/wp\/v2\/comments?post=2606"}],"version-history":[{"count":0,"href":"https:\/\/www.isc-vdb.fr\/index.php\/wp-json\/wp\/v2\/pages\/2606\/revisions"}],"wp:attachment":[{"href":"https:\/\/www.isc-vdb.fr\/index.php\/wp-json\/wp\/v2\/media?parent=2606"}],"curies":[{"name":"wp","href":"https:\/\/api.w.org\/{rel}","templated":true}]}}