{"id":2626,"date":"2024-02-20T15:56:30","date_gmt":"2024-02-20T14:56:30","guid":{"rendered":"https:\/\/www.informacyde.isc-vdb.fr\/?page_id=2626"},"modified":"2025-07-10T10:13:44","modified_gmt":"2025-07-10T08:13:44","slug":"presentation-lycee","status":"publish","type":"page","link":"https:\/\/www.isc-vdb.fr\/index.php\/presentation-lycee\/","title":{"rendered":"Pr\u00e9sentation"},"content":{"rendered":"<p><div class=\"fusion-fullwidth fullwidth-box fusion-builder-row-1 fusion-flex-container has-pattern-background has-mask-background fusion-parallax-none hundred-percent-fullwidth non-hundred-percent-height-scrolling lazyload\" style=\"--awb-border-radius-top-left:0px;--awb-border-radius-top-right:0px;--awb-border-radius-bottom-right:0px;--awb-border-radius-bottom-left:0px;--awb-padding-top:100px;--awb-padding-bottom:100px;--awb-margin-bottom:60px;--awb-background-size:cover;--awb-flex-wrap:wrap;\" data-bg=\"https:\/\/www.informacyde.isc-vdb.fr\/wp-content\/uploads\/2024\/06\/11.webp\" ><div class=\"awb-background-mask\" style=\"background-image:  url(data:image\/svg+xml;utf8,%3Csvg%20width%3D%221920%22%20height%3D%22954%22%20fill%3D%22none%22%20xmlns%3D%22http%3A%2F%2Fwww.w3.org%2F2000%2Fsvg%22%3E%3Cg%20clip-path%3D%22url%28%23prefix__prefix__clip0_77_23452%29%22%3E%3Cpath%20fill-rule%3D%22evenodd%22%20clip-rule%3D%22evenodd%22%20d%3D%22M1353%20308.5c0%20255.507-131.58%20485.45-341.45%20645.5-187.291%20142.83-436.933%20230-711.05%20230C-280.78%201184-752%20792.025-752%20308.5S-280.78-567%20300.5-567c450.743%200%20835.31%20235.692%20985.3%20567%2043.44%2095.948%2067.2%20199.916%2067.2%20308.5z%22%20fill%3D%22rgba%28255%2C255%2C255%2C1%29%22%2F%3E%3Cpath%20d%3D%22M1321.57%20538C1357.08%20287.516%201273.7%2089.91%201127-.418L1374.18-6c65.77%20100.68-15.89%20431.512-52.61%20544zM312%20955c432.242%200%20746.77-180.667%20850-271-90.34%20157.09-176.766%20246.121-208.688%20271H312z%22%20fill%3D%22rgba%28255%2C255%2C255%2C1%29%22%20fill-opacity%3D%22.25%22%2F%3E%3Cpath%20d%3D%22M1344.5%20427c0-252.4-212.67-390.833-319-428.5H1373c70%2082.4%2010.17%20320-28.5%20428.5z%22%20fill%3D%22rgba%28255%2C255%2C255%2C1%29%22%20fill-opacity%3D%22.1%22%2F%3E%3Cpath%20fill-rule%3D%22evenodd%22%20clip-rule%3D%22evenodd%22%20d%3D%22M1337%20184.5c0%20324.402-198.63%20609.049-497.356%20769.5H0V0h1285.8c-149.99-331.308-534.557-567-985.3-567C-280.78-567-752-175.025-752%20308.5c0%2040.898%203.371%2081.142%209.895%20120.549C-617.527%20811.461-207.995%201092%20278%201092c206.311%200%20398.842-50.56%20561.644-138h171.906C1221.42%20793.95%201353%20564.007%201353%20308.5c0-53.218-5.71-105.326-16.64-155.925.42%2010.596.64%2021.239.64%2031.925z%22%20fill%3D%22rgba%28255%2C255%2C255%2C1%29%22%20fill-opacity%3D%22.5%22%2F%3E%3C%2Fg%3E%3Cdefs%3E%3CclipPath%20id%3D%22prefix__prefix__clip0_77_23452%22%3E%3Cpath%20fill%3D%22rgba%28255%2C255%2C255%2C1%29%22%20d%3D%22M0%200h1920v954H0z%22%2F%3E%3C%2FclipPath%3E%3C%2Fdefs%3E%3C%2Fsvg%3E);opacity: 1 ;transform: scale(-1, 1);mix-blend-mode:soft-light;\"><\/div><div class=\"fusion-builder-row fusion-row fusion-flex-align-items-flex-start fusion-flex-content-wrap\" style=\"width:104% !important;max-width:104% !important;margin-left: calc(-4% \/ 2 );margin-right: calc(-4% \/ 2 );\"><div class=\"fusion-layout-column fusion_builder_column fusion-builder-column-0 fusion_builder_column_1_1 1_1 fusion-flex-column\" style=\"--awb-bg-size:cover;--awb-width-large:100%;--awb-margin-top-large:10px;--awb-spacing-right-large:1.92%;--awb-margin-bottom-large:10px;--awb-spacing-left-large:1.92%;--awb-width-medium:100%;--awb-order-medium:0;--awb-spacing-right-medium:1.92%;--awb-spacing-left-medium:1.92%;--awb-width-small:100%;--awb-order-small:0;--awb-spacing-right-small:1.92%;--awb-spacing-left-small:1.92%;\"><div class=\"fusion-column-wrapper fusion-column-has-shadow fusion-flex-justify-content-flex-start fusion-content-layout-column\"><div class=\"fusion-text fusion-text-1 fusion-animated\" style=\"--awb-content-alignment:center;--awb-font-size:50px;--awb-text-color:var(--awb-color1);--awb-text-font-family:&quot;Ebima gras&quot;;--awb-text-font-style:normal;--awb-text-font-weight:400;\" data-animationType=\"fadeInDown\" data-animationDuration=\"0.8\" data-animationOffset=\"top-into-view\"><p>Pr\u00e9sentation<\/p>\n<\/div><nav class=\"fusion-breadcrumbs fusion-breadcrumbs-1 fusion-animated\" style=\"--awb-alignment:center;--awb-breadcrumb-sep:&#039;\/&#039;;text-align:center;\" aria-label=\"Breadcrumb\" data-animationType=\"fadeInDown\" data-animationDuration=\"0.8\" data-animationDelay=\"0.5\" data-animationOffset=\"top-into-view\"><ol class=\"awb-breadcrumb-list\"><li class=\"fusion-breadcrumb-item awb-breadcrumb-sep awb-home\" ><a href=\"https:\/\/www.isc-vdb.fr\" class=\"fusion-breadcrumb-link\"><span >Home<\/span><\/a><\/li><\/ol><\/nav><\/div><\/div><\/div><\/div><div class=\"fusion-fullwidth fullwidth-box fusion-builder-row-2 fusion-flex-container has-pattern-background has-mask-background nonhundred-percent-fullwidth non-hundred-percent-height-scrolling\" style=\"--awb-border-radius-top-left:0px;--awb-border-radius-top-right:0px;--awb-border-radius-bottom-right:0px;--awb-border-radius-bottom-left:0px;--awb-flex-wrap:wrap;\" ><div class=\"fusion-builder-row fusion-row fusion-flex-align-items-flex-start fusion-flex-content-wrap\" style=\"max-width:1248px;margin-left: calc(-4% \/ 2 );margin-right: calc(-4% \/ 2 );\"><div class=\"fusion-layout-column fusion_builder_column fusion-builder-column-1 fusion_builder_column_1_3 1_3 fusion-flex-column\" style=\"--awb-bg-size:cover;--awb-width-large:33.333333333333%;--awb-margin-top-large:10px;--awb-spacing-right-large:5.76%;--awb-margin-bottom-large:10px;--awb-spacing-left-large:5.76%;--awb-width-medium:100%;--awb-order-medium:0;--awb-spacing-right-medium:1.92%;--awb-spacing-left-medium:1.92%;--awb-width-small:100%;--awb-order-small:0;--awb-spacing-right-small:1.92%;--awb-spacing-left-small:1.92%;\"><div class=\"fusion-column-wrapper fusion-column-has-shadow fusion-flex-justify-content-flex-start fusion-content-layout-column\"><div class=\"fusion-image-element \" style=\"text-align:center;--awb-max-width:250px;--awb-caption-title-font-family:var(--h2_typography-font-family);--awb-caption-title-font-weight:var(--h2_typography-font-weight);--awb-caption-title-font-style:var(--h2_typography-font-style);--awb-caption-title-size:var(--h2_typography-font-size);--awb-caption-title-transform:var(--h2_typography-text-transform);--awb-caption-title-line-height:var(--h2_typography-line-height);--awb-caption-title-letter-spacing:var(--h2_typography-letter-spacing);\"><span class=\" fusion-imageframe imageframe-none imageframe-1 hover-type-none fusion-animated\" data-animationType=\"fadeInLeft\" data-animationDuration=\"1.0\" data-animationOffset=\"top-into-view\"><img decoding=\"async\" width=\"1890\" height=\"1417\" title=\"Blason lyce\u0301e e\u0301cusson\" src=\"https:\/\/www.isc-vdb.fr\/wp-content\/uploads\/2024\/06\/Blason-lycee-ecusson.jpg\" data-orig-src=\"https:\/\/www.informacyde.isc-vdb.fr\/wp-content\/uploads\/2024\/06\/Blason-lycee-ecusson.jpg\" alt class=\"lazyload img-responsive wp-image-3100\" srcset=\"data:image\/svg+xml,%3Csvg%20xmlns%3D%27http%3A%2F%2Fwww.w3.org%2F2000%2Fsvg%27%20width%3D%271890%27%20height%3D%271417%27%20viewBox%3D%270%200%201890%201417%27%3E%3Crect%20width%3D%271890%27%20height%3D%271417%27%20fill-opacity%3D%220%22%2F%3E%3C%2Fsvg%3E\" data-srcset=\"https:\/\/www.isc-vdb.fr\/wp-content\/uploads\/2024\/06\/Blason-lycee-ecusson-200x150.jpg 200w, https:\/\/www.isc-vdb.fr\/wp-content\/uploads\/2024\/06\/Blason-lycee-ecusson-400x300.jpg 400w, https:\/\/www.isc-vdb.fr\/wp-content\/uploads\/2024\/06\/Blason-lycee-ecusson-600x450.jpg 600w, https:\/\/www.isc-vdb.fr\/wp-content\/uploads\/2024\/06\/Blason-lycee-ecusson-800x600.jpg 800w, https:\/\/www.isc-vdb.fr\/wp-content\/uploads\/2024\/06\/Blason-lycee-ecusson-1200x900.jpg 1200w, https:\/\/www.isc-vdb.fr\/wp-content\/uploads\/2024\/06\/Blason-lycee-ecusson.jpg 1890w\" data-sizes=\"auto\" data-orig-sizes=\"(max-width: 1024px) 100vw, (max-width: 640px) 100vw, 400px\" \/><\/span><\/div><\/div><\/div><div class=\"fusion-layout-column fusion_builder_column fusion-builder-column-2 fusion_builder_column_2_3 2_3 fusion-flex-column\" style=\"--awb-bg-size:cover;--awb-width-large:66.666666666667%;--awb-margin-top-large:10px;--awb-spacing-right-large:2.88%;--awb-margin-bottom-large:10px;--awb-spacing-left-large:2.88%;--awb-width-medium:100%;--awb-order-medium:0;--awb-spacing-right-medium:1.92%;--awb-spacing-left-medium:1.92%;--awb-width-small:100%;--awb-order-small:0;--awb-spacing-right-small:1.92%;--awb-spacing-left-small:1.92%;\"><div class=\"fusion-column-wrapper fusion-column-has-shadow fusion-flex-justify-content-flex-start fusion-content-layout-column\"><div class=\"fusion-text fusion-text-2 fusion-animated\" style=\"--awb-content-alignment:justify;\" data-animationType=\"fadeInDown\" data-animationDuration=\"1.0\" data-animationOffset=\"top-into-view\"><p>Notre\u00a0lyc\u00e9e Jean-Paul II compte 6 classes de 2<sup>nde<\/sup> et 10 sur le cycle terminal, fili\u00e8res g\u00e9n\u00e9rale et technologique, soit environ <strong>535 \u00e9l\u00e8ves<\/strong>. Tous suivent l\u2019Anglais en <strong>LVA<\/strong>\u00a0; l\u2019Allemand ou Espagnol en <strong>LVB<\/strong>.<\/p>\n<p>Derni\u00e8re \u00e9tape des \u00e9tudes secondaires, les professeurs et personnels de vie scolaire accompagnent les jeunes vers le Baccalaur\u00e9at et les \u00e9tudes sup\u00e9rieures en veillant \u00e0 <strong>d\u00e9velopper progressivement leur autonomie et le sens de l\u2019engagement.<\/strong><\/p>\n<\/div><\/div><\/div><div class=\"fusion-layout-column fusion_builder_column fusion-builder-column-3 fusion_builder_column_1_1 1_1 fusion-flex-column fusion-animated\" style=\"--awb-bg-size:cover;--awb-width-large:100%;--awb-margin-top-large:10px;--awb-spacing-right-large:1.92%;--awb-margin-bottom-large:40px;--awb-spacing-left-large:1.92%;--awb-width-medium:100%;--awb-order-medium:0;--awb-spacing-right-medium:1.92%;--awb-spacing-left-medium:1.92%;--awb-width-small:100%;--awb-order-small:0;--awb-spacing-right-small:1.92%;--awb-spacing-left-small:1.92%;\" data-animationType=\"fadeInUp\" data-animationDuration=\"1.0\" data-animationOffset=\"top-into-view\"><div class=\"fusion-column-wrapper fusion-column-has-shadow fusion-flex-justify-content-flex-start fusion-content-layout-column\"><div class=\"fusion-text fusion-text-3\" style=\"--awb-content-alignment:justify;\"><p>Vous d\u00e9couvrirez dans les diff\u00e9rentes rubriques tout le dynamisme des \u00e9quipes et la diversit\u00e9 des actions offertes \u00e0 nos jeunes qui fondent notre projet \u00e9ducatif\u00a0:<\/p>\n<ul>\n<li>Pr\u00e9parer le lyc\u00e9en au Baccalaur\u00e9at et au post-bac\u00a0;<\/li>\n<li>Accompagner le lyc\u00e9en dans son projet d\u2019orientation\u00a0;<\/li>\n<li>Donner du sens aux enseignements, de tronc commun comme de sp\u00e9cialit\u00e9s, par des sorties \/ s\u00e9jours p\u00e9dagogiques sur le terrain\u00a0construits autour de projets scientifiques, linguistiques, artistiques, techniques comme culturels\u00a0;<\/li>\n<li>Permettre \u00e0 chaque jeune de pouvoir se r\u00e9v\u00e9ler \u00ab\u00a0autrement\u00a0\u00bb au travers des options propos\u00e9es\u00a0;<\/li>\n<li>Impliquer le lyc\u00e9en dans des concours acad\u00e9miques et\/ou nationaux\u00a0;<\/li>\n<li>D\u00e9velopper le sens de l\u2019engagement et de la responsabilit\u00e9\u00a0;<\/li>\n<li>Epauler les jeunes dans toutes les dimensions de leur humanit\u00e9.<\/li>\n<\/ul>\n<p>Tels sont les principaux axes qui organisent la vie de notre lyc\u00e9e au quotidien.<br \/>\nNous offrons un cadre mat\u00e9riel propice \u00e0 leur mise en \u0153uvre\u00a0:<\/p>\n<ul>\n<li>amphith\u00e9\u00e2tre\u00a0;<\/li>\n<li>salles informatiques et multim\u00e9dia\u00a0;<\/li>\n<li>\u00e9quipements num\u00e9riques dans toutes les classes\u00a0;<\/li>\n<li>salles de travail, d\u2019arts plastiques, de musique, \u2026\u00a0;<\/li>\n<li>installations sportives multiples\u00a0;<\/li>\n<\/ul>\n<p><strong>\u00a0<\/strong><\/p>\n<p>Bonne visite\u00a0!<\/p>\n<p style=\"text-align: right;\">\u00c9ric SABY<br \/>\nDirecteur du Lyc\u00e9e<\/p>\n<\/div><\/div><\/div><\/div><\/div><div class=\"fusion-fullwidth fullwidth-box fusion-builder-row-3 fusion-flex-container has-pattern-background has-mask-background hundred-percent-fullwidth non-hundred-percent-height-scrolling\" style=\"--awb-border-radius-top-left:0px;--awb-border-radius-top-right:0px;--awb-border-radius-bottom-right:0px;--awb-border-radius-bottom-left:0px;--awb-background-color:var(--awb-custom_color_2);--awb-flex-wrap:wrap;\" ><div class=\"fusion-builder-row fusion-row fusion-flex-align-items-flex-start fusion-flex-content-wrap\" style=\"width:104% !important;max-width:104% !important;margin-left: calc(-4% \/ 2 );margin-right: calc(-4% \/ 2 );\"><div class=\"fusion-layout-column fusion_builder_column fusion-builder-column-4 fusion_builder_column_1_1 1_1 fusion-flex-column\" style=\"--awb-bg-color:var(--awb-custom_color_2);--awb-bg-color-hover:var(--awb-custom_color_2);--awb-bg-size:cover;--awb-width-large:100%;--awb-margin-top-large:10px;--awb-spacing-right-large:1.92%;--awb-margin-bottom-large:10px;--awb-spacing-left-large:1.92%;--awb-width-medium:100%;--awb-order-medium:0;--awb-spacing-right-medium:1.92%;--awb-spacing-left-medium:1.92%;--awb-width-small:100%;--awb-order-small:0;--awb-spacing-right-small:1.92%;--awb-spacing-left-small:1.92%;\"><div class=\"fusion-column-wrapper fusion-column-has-shadow fusion-flex-justify-content-flex-start fusion-content-layout-column\"><div class=\"fusion-title title fusion-title-1 fusion-sep-none fusion-title-center fusion-title-text fusion-title-size-three\" style=\"--awb-text-color:var(--awb-color1);\"><h3 class=\"fusion-title-heading title-heading-center fusion-responsive-typography-calculated\" style=\"margin:0;text-transform:none;--fontSize:24;line-height:var(--awb-typography1-line-height);\">R\u00e9sultats au Baccalaur\u00e9at<\/h3><\/div><\/div><\/div><div class=\"fusion-layout-column fusion_builder_column fusion-builder-column-5 fusion_builder_column_1_1 1_1 fusion-flex-column\" style=\"--awb-bg-size:cover;--awb-width-large:100%;--awb-margin-top-large:10px;--awb-spacing-right-large:1.92%;--awb-margin-bottom-large:10px;--awb-spacing-left-large:1.92%;--awb-width-medium:100%;--awb-order-medium:0;--awb-spacing-right-medium:1.92%;--awb-spacing-left-medium:1.92%;--awb-width-small:100%;--awb-order-small:0;--awb-spacing-right-small:1.92%;--awb-spacing-left-small:1.92%;\"><div class=\"fusion-column-wrapper fusion-column-has-shadow fusion-flex-justify-content-flex-start fusion-content-layout-column\"><div class=\"fusion-tabs fusion-tabs-1 clean nav-is-justified horizontal-tabs icon-position-left mobile-mode-accordion\" style=\"--awb-title-border-radius-top-left:0px;--awb-title-border-radius-top-right:0px;--awb-title-border-radius-bottom-right:0px;--awb-title-border-radius-bottom-left:0px;--awb-alignment:start;--awb-inactive-color:var(--awb-custom_color_2);--awb-title-text-color:var(--awb-color1);--awb-background-color:var(--awb-custom_color_4);--awb-border-color:var(--awb-color3);--awb-active-border-color:var(--awb-custom_color_2);\"><div class=\"nav\"><ul class=\"nav-tabs nav-justified\" role=\"tablist\"><li class=\"active\" role=\"presentation\"><a class=\"tab-link\" data-toggle=\"tab\" role=\"tab\" aria-controls=\"tab-1702d5a27f35baac7b7\" aria-selected=\"true\" id=\"fusion-tab-2023\" href=\"#tab-1702d5a27f35baac7b7\"><h6 class=\"fusion-tab-heading\">2023<\/h6><\/a><\/li><li role=\"presentation\"><a class=\"tab-link\" data-toggle=\"tab\" role=\"tab\" aria-controls=\"tab-11f81473aa61523f44a\" aria-selected=\"false\" tabindex=\"-1\" id=\"fusion-tab-2024\" href=\"#tab-11f81473aa61523f44a\"><h6 class=\"fusion-tab-heading\">2024<\/h6><\/a><\/li><li role=\"presentation\"><a class=\"tab-link\" data-toggle=\"tab\" role=\"tab\" aria-controls=\"tab-5b0753217a0248fac74\" aria-selected=\"false\" tabindex=\"-1\" id=\"fusion-tab-2025\" href=\"#tab-5b0753217a0248fac74\"><h6 class=\"fusion-tab-heading\">2025<\/h6><\/a><\/li><\/ul><\/div><div class=\"tab-content\"><div class=\"nav fusion-mobile-tab-nav\"><ul class=\"nav-tabs nav-justified\" role=\"tablist\"><li class=\"active\" role=\"presentation\"><a class=\"tab-link\" data-toggle=\"tab\" role=\"tab\" aria-controls=\"tab-1702d5a27f35baac7b7\" aria-selected=\"true\" id=\"mobile-fusion-tab-2023\" href=\"#tab-1702d5a27f35baac7b7\"><h6 class=\"fusion-tab-heading\">2023<\/h6><\/a><\/li><\/ul><\/div><div class=\"tab-pane fade fusion-clearfix in active\" role=\"tabpanel\" tabindex=\"0\" aria-labelledby=\"fusion-tab-2023\" id=\"tab-1702d5a27f35baac7b7\">\n<p style=\"text-align: center;\"><span style=\"color: #ffffff;\"><strong>161 candidats &#8211; <\/strong>146 mentions (90,7%)<\/span><\/p>\n<p style=\"text-align: center;\"><span style=\"color: #ffffff;\"><span style=\"text-decoration: underline;\"><strong>Fili\u00e8re g\u00e9n\u00e9rale &#8211; 142 candidats &#8211; 100%<br \/><\/strong><\/span>129 mentions (90,8%)<\/span><br \/><span style=\"color: #ffffff;\"><em>50 mentions assez bien<\/em><\/span><br \/><span style=\"color: #ffffff;\"><em>49 mentions bien<\/em><\/span><br \/><span style=\"color: #ffffff;\"><em>27 mentions tr\u00e8s bien<br \/><\/em><em>3 mentions tr\u00e8s bien f\u00e9licitations du jury<\/em><\/span><\/p>\n<p style=\"text-align: center;\"><span style=\"color: #ffffff;\"><span style=\"text-decoration: underline;\"><strong>Fili\u00e8re technologique s\u00e9rie STMG &#8211; 19 candidats &#8211; 100%<br \/><\/strong><\/span>17 mentions (89,5%)<\/span><br \/><span style=\"color: #ffffff;\"><em>11 mentions assez bien<\/em><\/span><br \/><span style=\"color: #ffffff;\"><em>6 mentions bien<\/em><\/span><\/p>\n<p style=\"text-align: center;\"><span style=\"text-decoration: underline; color: #ffffff;\"><strong>TOTAL<\/strong><\/span><\/p>\n<p style=\"text-align: center;\"><span style=\"color: #ffffff;\">146 mentions (90,7%)<\/span><br \/><span style=\"color: #ffffff;\"><em>61 mentions assez bien<\/em><\/span><br \/><span style=\"color: #ffffff;\"><em>55 mentions bien<\/em><\/span><br \/><span style=\"color: #ffffff;\"><em>27 mentions tr\u00e8s bien<br \/><\/em><\/span><\/p>\n<\/div><div class=\"nav fusion-mobile-tab-nav\"><ul class=\"nav-tabs nav-justified\" role=\"tablist\"><li role=\"presentation\"><a class=\"tab-link\" data-toggle=\"tab\" role=\"tab\" aria-controls=\"tab-11f81473aa61523f44a\" aria-selected=\"false\" tabindex=\"-1\" id=\"mobile-fusion-tab-2024\" href=\"#tab-11f81473aa61523f44a\"><h6 class=\"fusion-tab-heading\">2024<\/h6><\/a><\/li><\/ul><\/div><div class=\"tab-pane fade fusion-clearfix\" role=\"tabpanel\" tabindex=\"0\" aria-labelledby=\"fusion-tab-2024\" id=\"tab-11f81473aa61523f44a\">\n<p style=\"text-align: center;\"><span style=\"color: #ffffff;\"><strong>165 candidats &#8211; <\/strong>149 mentions (89,1%)<\/span><\/p>\n<p style=\"text-align: center;\"><span style=\"color: #ffffff;\"><span style=\"text-decoration: underline;\"><strong>Fili\u00e8re g\u00e9n\u00e9rale &#8211; 135 candidats &#8211; 100%<br \/><\/strong><\/span>124 mentions (91,9%)<\/span><br \/><span style=\"color: #ffffff;\"><em>35 mentions assez bien<\/em><\/span><br \/><span style=\"color: #ffffff;\"><em>53 mentions bien<\/em><\/span><br \/><span style=\"color: #ffffff;\"><em>34 mentions tr\u00e8s bien<br \/><\/em><em>2 mentions tr\u00e8s bien avec f\u00e9licitations du jury<\/em><\/span><\/p>\n<p style=\"text-align: center;\"><span style=\"color: #ffffff;\"><span style=\"text-decoration: underline;\"><strong>Fili\u00e8re technologique s\u00e9rie STMG &#8211; 30 candidats &#8211; 100%<br \/><\/strong><\/span>23 mentions (76,7%)<\/span><br \/><span style=\"color: #ffffff;\"><em>13 mentions assez bien<\/em><\/span><br \/><span style=\"color: #ffffff;\"><em>10 mentions bien<\/em><\/span><\/p>\n<p style=\"text-align: center;\"><span style=\"text-decoration: underline; color: #ffffff;\"><strong>TOTAL<\/strong><\/span><\/p>\n<p style=\"text-align: center;\"><span style=\"color: #ffffff;\">147 mentions (89,1%)<\/span><br \/><span style=\"color: #ffffff;\"><em>48 mentions assez bien<\/em><\/span><br \/><span style=\"color: #ffffff;\"><em>63 mentions bien<\/em><\/span><br \/><span style=\"color: #ffffff;\"><em>34 mentions tr\u00e8s bien<\/em><\/span><\/p>\n<\/div><div class=\"nav fusion-mobile-tab-nav\"><ul class=\"nav-tabs nav-justified\" role=\"tablist\"><li role=\"presentation\"><a class=\"tab-link\" data-toggle=\"tab\" role=\"tab\" aria-controls=\"tab-5b0753217a0248fac74\" aria-selected=\"false\" tabindex=\"-1\" id=\"mobile-fusion-tab-2025\" href=\"#tab-5b0753217a0248fac74\"><h6 class=\"fusion-tab-heading\">2025<\/h6><\/a><\/li><\/ul><\/div><div class=\"tab-pane fade fusion-clearfix\" role=\"tabpanel\" tabindex=\"0\" aria-labelledby=\"fusion-tab-2025\" id=\"tab-5b0753217a0248fac74\">\n<p style=\"text-align: center;\"><span style=\"color: #ffffff;\"><b>174 candidats \u2013\u202f<\/b>149 mentions (89,1%)\u00a0<\/span><\/p>\n<p style=\"text-align: center;\"><span style=\"text-decoration: underline; color: #ffffff;\"><b>Fili\u00e8re g\u00e9n\u00e9rale \u2013 141 candidats \u2013 100%<\/b>\u00a0<\/span><br \/><span style=\"color: #ffffff;\">130 mentions (92,2%)\u00a0<\/span><br \/><span style=\"color: #ffffff;\"><i>48 mentions assez bien<\/i>\u00a0<\/span><br \/><span style=\"color: #ffffff;\"><i>55 mentions bien<\/i>\u00a0<\/span><br \/><span style=\"color: #ffffff;\"><i>23 mentions tr\u00e8s bien<\/i>\u00a0<\/span><br \/><span style=\"color: #ffffff;\"><i>4 mentions tr\u00e8s bien avec f\u00e9licitations du jury<\/i>\u00a0<\/span><\/p>\n<p style=\"text-align: center;\"><span style=\"text-decoration: underline; color: #ffffff;\"><b>Fili\u00e8re technologique s\u00e9rie STMG \u2013 33 candidats \u2013 100%<\/b>\u00a0<\/span><br \/><span style=\"color: #ffffff;\">25 mentions (75,8%)\u00a0<\/span><br \/><span style=\"color: #ffffff;\"><i>14 mentions assez bien<\/i>\u00a0<\/span><br \/><span style=\"color: #ffffff;\"><i>10 mentions bien<\/i>\u00a0<\/span><\/p>\n<p style=\"text-align: center;\"><span style=\"color: #ffffff;\"><i>1 mention tr\u00e8s bien<\/i>\u00a0\u00a0<\/span><\/p>\n<p style=\"text-align: center;\"><span style=\"text-decoration: underline; color: #ffffff;\"><b>TOTAL<\/b>\u00a0<\/span><\/p>\n<p style=\"text-align: center;\"><span style=\"color: #ffffff;\">155 mentions (89,1%)\u00a0<\/span><br \/><span style=\"color: #ffffff;\" data-ccp-props=\"\">\u00a0<\/span><\/p>\n<\/div><\/div><\/div><\/div><\/div><\/div><\/div><\/p>\n","protected":false},"excerpt":{"rendered":"","protected":false},"author":1,"featured_media":0,"parent":0,"menu_order":0,"comment_status":"closed","ping_status":"closed","template":"100-width.php","meta":{"footnotes":""},"class_list":["post-2626","page","type-page","status-publish","hentry"],"_links":{"self":[{"href":"https:\/\/www.isc-vdb.fr\/index.php\/wp-json\/wp\/v2\/pages\/2626","targetHints":{"allow":["GET"]}}],"collection":[{"href":"https:\/\/www.isc-vdb.fr\/index.php\/wp-json\/wp\/v2\/pages"}],"about":[{"href":"https:\/\/www.isc-vdb.fr\/index.php\/wp-json\/wp\/v2\/types\/page"}],"author":[{"embeddable":true,"href":"https:\/\/www.isc-vdb.fr\/index.php\/wp-json\/wp\/v2\/users\/1"}],"replies":[{"embeddable":true,"href":"https:\/\/www.isc-vdb.fr\/index.php\/wp-json\/wp\/v2\/comments?post=2626"}],"version-history":[{"count":0,"href":"https:\/\/www.isc-vdb.fr\/index.php\/wp-json\/wp\/v2\/pages\/2626\/revisions"}],"wp:attachment":[{"href":"https:\/\/www.isc-vdb.fr\/index.php\/wp-json\/wp\/v2\/media?parent=2626"}],"curies":[{"name":"wp","href":"https:\/\/api.w.org\/{rel}","templated":true}]}}