{"id":3173,"date":"2024-06-10T11:49:45","date_gmt":"2024-06-10T09:49:45","guid":{"rendered":"https:\/\/www.informacyde.isc-vdb.fr\/?page_id=3173"},"modified":"2026-02-16T10:13:47","modified_gmt":"2026-02-16T09:13:47","slug":"mentions-legales","status":"publish","type":"page","link":"https:\/\/www.isc-vdb.fr\/index.php\/mentions-legales\/","title":{"rendered":"Mentions l\u00e9gales"},"content":{"rendered":"<p><div class=\"fusion-fullwidth fullwidth-box fusion-builder-row-1 fusion-flex-container has-pattern-background has-mask-background fusion-parallax-none hundred-percent-fullwidth non-hundred-percent-height-scrolling lazyload\" style=\"--awb-border-radius-top-left:0px;--awb-border-radius-top-right:0px;--awb-border-radius-bottom-right:0px;--awb-border-radius-bottom-left:0px;--awb-padding-top:100px;--awb-padding-bottom:100px;--awb-margin-bottom:60px;--awb-background-size:cover;--awb-flex-wrap:wrap;\" data-bg=\"https:\/\/www.informacyde.isc-vdb.fr\/wp-content\/uploads\/2024\/08\/30-2.jpg\" ><div class=\"awb-background-mask\" style=\"background-image:  url(data:image\/svg+xml;utf8,%3Csvg%20width%3D%221920%22%20height%3D%22954%22%20fill%3D%22none%22%20xmlns%3D%22http%3A%2F%2Fwww.w3.org%2F2000%2Fsvg%22%3E%3Cg%20clip-path%3D%22url%28%23prefix__prefix__clip0_77_23452%29%22%3E%3Cpath%20fill-rule%3D%22evenodd%22%20clip-rule%3D%22evenodd%22%20d%3D%22M1353%20308.5c0%20255.507-131.58%20485.45-341.45%20645.5-187.291%20142.83-436.933%20230-711.05%20230C-280.78%201184-752%20792.025-752%20308.5S-280.78-567%20300.5-567c450.743%200%20835.31%20235.692%20985.3%20567%2043.44%2095.948%2067.2%20199.916%2067.2%20308.5z%22%20fill%3D%22rgba%28255%2C255%2C255%2C1%29%22%2F%3E%3Cpath%20d%3D%22M1321.57%20538C1357.08%20287.516%201273.7%2089.91%201127-.418L1374.18-6c65.77%20100.68-15.89%20431.512-52.61%20544zM312%20955c432.242%200%20746.77-180.667%20850-271-90.34%20157.09-176.766%20246.121-208.688%20271H312z%22%20fill%3D%22rgba%28255%2C255%2C255%2C1%29%22%20fill-opacity%3D%22.25%22%2F%3E%3Cpath%20d%3D%22M1344.5%20427c0-252.4-212.67-390.833-319-428.5H1373c70%2082.4%2010.17%20320-28.5%20428.5z%22%20fill%3D%22rgba%28255%2C255%2C255%2C1%29%22%20fill-opacity%3D%22.1%22%2F%3E%3Cpath%20fill-rule%3D%22evenodd%22%20clip-rule%3D%22evenodd%22%20d%3D%22M1337%20184.5c0%20324.402-198.63%20609.049-497.356%20769.5H0V0h1285.8c-149.99-331.308-534.557-567-985.3-567C-280.78-567-752-175.025-752%20308.5c0%2040.898%203.371%2081.142%209.895%20120.549C-617.527%20811.461-207.995%201092%20278%201092c206.311%200%20398.842-50.56%20561.644-138h171.906C1221.42%20793.95%201353%20564.007%201353%20308.5c0-53.218-5.71-105.326-16.64-155.925.42%2010.596.64%2021.239.64%2031.925z%22%20fill%3D%22rgba%28255%2C255%2C255%2C1%29%22%20fill-opacity%3D%22.5%22%2F%3E%3C%2Fg%3E%3Cdefs%3E%3CclipPath%20id%3D%22prefix__prefix__clip0_77_23452%22%3E%3Cpath%20fill%3D%22rgba%28255%2C255%2C255%2C1%29%22%20d%3D%22M0%200h1920v954H0z%22%2F%3E%3C%2FclipPath%3E%3C%2Fdefs%3E%3C%2Fsvg%3E);opacity: 1 ;transform: scale(-1, 1);mix-blend-mode:soft-light;\"><\/div><div class=\"fusion-builder-row fusion-row fusion-flex-align-items-flex-start fusion-flex-content-wrap\" style=\"width:104% !important;max-width:104% !important;margin-left: calc(-4% \/ 2 );margin-right: calc(-4% \/ 2 );\"><div class=\"fusion-layout-column fusion_builder_column fusion-builder-column-0 fusion_builder_column_1_1 1_1 fusion-flex-column\" style=\"--awb-bg-size:cover;--awb-width-large:100%;--awb-margin-top-large:10px;--awb-spacing-right-large:1.92%;--awb-margin-bottom-large:10px;--awb-spacing-left-large:1.92%;--awb-width-medium:100%;--awb-order-medium:0;--awb-spacing-right-medium:1.92%;--awb-spacing-left-medium:1.92%;--awb-width-small:100%;--awb-order-small:0;--awb-spacing-right-small:1.92%;--awb-spacing-left-small:1.92%;\"><div class=\"fusion-column-wrapper fusion-column-has-shadow fusion-flex-justify-content-flex-start fusion-content-layout-column\"><div class=\"fusion-text fusion-text-1 fusion-animated\" style=\"--awb-content-alignment:center;--awb-font-size:50px;--awb-text-color:var(--awb-color1);--awb-text-font-family:&quot;Ebima gras&quot;;--awb-text-font-style:normal;--awb-text-font-weight:400;\" data-animationType=\"fadeInDown\" data-animationDuration=\"0.8\" data-animationOffset=\"top-into-view\"><p>Mentions l\u00e9gales<\/p>\n<\/div><nav class=\"fusion-breadcrumbs fusion-breadcrumbs-1 fusion-animated\" style=\"--awb-alignment:center;--awb-breadcrumb-sep:&#039;\/&#039;;text-align:center;\" aria-label=\"Breadcrumb\" data-animationType=\"fadeInDown\" data-animationDuration=\"0.8\" data-animationDelay=\"0.5\" data-animationOffset=\"top-into-view\"><ol class=\"awb-breadcrumb-list\"><li class=\"fusion-breadcrumb-item awb-breadcrumb-sep awb-home\" ><a href=\"https:\/\/www.isc-vdb.fr\" class=\"fusion-breadcrumb-link\"><span >Home<\/span><\/a><\/li><\/ol><\/nav><\/div><\/div><\/div><\/div><div class=\"fusion-fullwidth fullwidth-box fusion-builder-row-2 fusion-flex-container nonhundred-percent-fullwidth non-hundred-percent-height-scrolling\" style=\"--awb-border-radius-top-left:0px;--awb-border-radius-top-right:0px;--awb-border-radius-bottom-right:0px;--awb-border-radius-bottom-left:0px;--awb-flex-wrap:wrap;\" ><div class=\"fusion-builder-row fusion-row fusion-flex-align-items-flex-start fusion-flex-content-wrap\" style=\"max-width:1248px;margin-left: calc(-4% \/ 2 );margin-right: calc(-4% \/ 2 );\"><div class=\"fusion-layout-column fusion_builder_column fusion-builder-column-1 fusion_builder_column_1_1 1_1 fusion-flex-column\" style=\"--awb-bg-size:cover;--awb-width-large:100%;--awb-margin-top-large:0px;--awb-spacing-right-large:1.92%;--awb-margin-bottom-large:0px;--awb-spacing-left-large:1.92%;--awb-width-medium:100%;--awb-spacing-right-medium:1.92%;--awb-spacing-left-medium:1.92%;--awb-width-small:100%;--awb-spacing-right-small:1.92%;--awb-spacing-left-small:1.92%;\"><div class=\"fusion-column-wrapper fusion-flex-justify-content-flex-start fusion-content-layout-column\"><div class=\"fusion-text fusion-text-2\" style=\"--awb-content-alignment:justify;\"><p><strong>\u00c9diteur du Site<\/strong><\/p>\n<p>Institution du Sacr\u00e9-C\u0153ur<br \/>2 rue du Gaizon<br \/>91620 La Ville du Bois<br \/>France<br \/>T\u00e9l. : +33 (0)1 69 01 06 12<br \/><a href=\"https:\/\/www.isc-vdb.fr\">https:\/\/www.isc-vdb.fr<\/a><br \/><a href=\"mailto:contact@isc-vdb.fr\">contact@isc-vdb.fr<\/a><\/p>\n<p><strong>Conditions G\u00e9n\u00e9rales d&rsquo;Utilisation<\/strong><\/p>\n<p>Ce site, accessible via l&rsquo;URL suivante : www.isc-vdb.fr, est exploit\u00e9 en conformit\u00e9 avec la l\u00e9gislation fran\u00e7aise. Votre utilisation de ce site est soumise aux pr\u00e9sentes conditions g\u00e9n\u00e9rales. En acc\u00e9dant au site, vous reconnaissez avoir pris connaissance de ces conditions et les accepter. Elles peuvent \u00eatre modifi\u00e9es \u00e0 tout moment et sans pr\u00e9avis par l&rsquo;Institution du Sacr\u00e9-C\u0153ur. L&rsquo;Institution du Sacr\u00e9-C\u0153ur ne peut \u00eatre tenue pour responsable en cas de mauvaise utilisation du service.<\/p>\n<p><strong>Responsable \u00c9ditorial<\/strong><\/p>\n<p>Service Informatique &#8211; Assistante Communication<br \/>2 rue du Gaizon<br \/>91620 La Ville du Bois<br \/>France<br \/>T\u00e9l. : +33 (0)1 69 01 06 12<br \/><a href=\"https:\/\/www.isc-vdb.fr\">https:\/\/www.isc-vdb.fr<\/a><br \/><a href=\"mailto:contact@isc-vdb.fr\">contact@isc-vdb.fr<\/a><\/p>\n<p><strong>Limitation de Responsabilit\u00e9<\/strong><\/p>\n<p>Les informations sur ce site sont aussi pr\u00e9cises que possible et sont r\u00e9guli\u00e8rement mises \u00e0 jour. Cependant, des inexactitudes, omissions ou lacunes peuvent subsister. Si vous constatez un probl\u00e8me, veuillez nous contacter par email en d\u00e9taillant le probl\u00e8me rencontr\u00e9 (page concern\u00e9e, action effectu\u00e9e, type d&rsquo;appareil et de navigateur utilis\u00e9, etc.).<\/p>\n<p>Tout t\u00e9l\u00e9chargement de contenu se fait aux risques et p\u00e9rils de l&rsquo;utilisateur. Par cons\u00e9quent, l&rsquo;Institution du Sacr\u00e9-C\u0153ur d\u00e9cline toute responsabilit\u00e9 en cas de dommages survenus sur l&rsquo;ordinateur de l&rsquo;utilisateur ou de perte de donn\u00e9es cons\u00e9cutives au t\u00e9l\u00e9chargement.<\/p>\n<p>Les photos sont prot\u00e9g\u00e9es par des droits d&rsquo;auteur.<\/p>\n<p>Malgr\u00e9 tous les efforts d\u00e9ploy\u00e9s pour assurer l&rsquo;exactitude des informations contenues sur ce site, nous d\u00e9clinons toute responsabilit\u00e9 en cas d&rsquo;erreurs ou d&rsquo;omissions. Nous ne saurions \u00eatre tenus pour responsables des dommages directs, indirects ou cons\u00e9cutifs r\u00e9sultant de l&rsquo;utilisation de ce site.<\/p>\n<p>Ce site peut contenir des liens vers des sites tiers. Nous ne contr\u00f4lons pas ces sites et d\u00e9clinons toute responsabilit\u00e9 quant \u00e0 leur contenu ou \u00e0 leurs pratiques en mati\u00e8re de confidentialit\u00e9. L&rsquo;inclusion de liens externes ne constitue pas une approbation de leur contenu.<\/p>\n<p><strong>Litiges<\/strong><\/p>\n<p>Les pr\u00e9sentes conditions sont r\u00e9gies par les lois fran\u00e7aises. Tout litige sera de la comp\u00e9tence exclusive des tribunaux comp\u00e9tents du si\u00e8ge social de l&rsquo;Institution du Sacr\u00e9-C\u0153ur. La langue de r\u00e9f\u00e9rence pour tout contentieux est le fran\u00e7ais.<\/p>\n<p><strong>R\u00e8glement G\u00e9n\u00e9ral sur la Protection des Donn\u00e9es (RGPD)<\/strong><\/p>\n<p>L&rsquo;Institution du Sacr\u00e9-C\u0153ur est engag\u00e9e dans une d\u00e9marche de conformit\u00e9 au RGPD pour prot\u00e9ger les donn\u00e9es personnelles. Un D\u00e9l\u00e9gu\u00e9 \u00e0 la Protection des Donn\u00e9es a \u00e9t\u00e9 d\u00e9sign\u00e9.<\/p>\n<p>Pour plus d&rsquo;informations sur vos droits en mati\u00e8re de protection des donn\u00e9es, veuillez consulter le lien suivant : [Les droits pour ma\u00eetriser vos donn\u00e9es personnelles](https:\/\/www.cnil.fr\/fr\/les-droits-pour-maitriser-vos-donnees-personnelles).<\/p>\n<p><strong>Propri\u00e9t\u00e9 Intellectuelle<\/strong><\/p>\n<p>Tous les contenus de ce site sont la propri\u00e9t\u00e9 exclusive de l&rsquo;Institution du Sacr\u00e9-C\u0153ur, sauf indication contraire. Toute reproduction, distribution, modification ou publication de ces contenus, m\u00eame partielle, est strictement interdite sans autorisation \u00e9crite pr\u00e9alable de l&rsquo;Institution du Sacr\u00e9-C\u0153ur.<\/p>\n<p>L&rsquo;Institution du Sacr\u00e9-C\u0153ur d\u00e9tient \u00e9galement les droits des producteurs de bases de donn\u00e9es conform\u00e9ment \u00e0 la l\u00e9gislation en vigueur.<\/p>\n<p>Les utilisateurs peuvent \u00e9tablir un lien vers la page d&rsquo;accueil du site, \u00e0 condition que ce lien s&rsquo;ouvre dans une nouvelle fen\u00eatre.<\/p>\n<p>Pour toute demande d&rsquo;autorisation ou d&rsquo;information, veuillez nous contacter \u00e0 l&rsquo;adresse email suivante : contact@isc-vdb.fr.<\/p>\n<p><b>\u00c9galit\u00e9 professionnelle femmes-hommes<\/b><\/p>\n<p><a href=\"https:\/\/www.isc-vdb.fr\/wp-content\/uploads\/2026\/02\/2026-02-12-EGAPRO-2025-declaration_785258906_2026.pdf\" target=\"_blank\" rel=\"noopener noreferrer\">Prendre connaissance du rapport<\/a><\/p>\n<p><a href=\"https:\/\/www.isc-vdb.fr\/wp-content\/uploads\/2025\/04\/2025-03-Plan-dactions-EGAPRO-ISC-VdB-Signe.pdf\" target=\"_blank\" rel=\"noopener\">Prendre connaissance du plan d&rsquo;actions<\/a><\/p>\n<p><strong>H\u00e9bergeur<\/strong><\/p>\n<p>OVH<\/p>\n<p>Plateforme de gestion et cr\u00e9ation de sites internet<\/p>\n<p><a href=\"https:\/\/www.ovh.com\/fr\" target=\"_blank\" rel=\"noopener\">https:\/\/www.ovh.com\/fr<\/a><br \/><a href=\"https:\/\/www.ovh.com\/fr\/support\/\" target=\"_blank\" rel=\"noopener\">https:\/\/www.ovh.com\/fr\/support\/<\/a><\/p>\n<p><strong>Conditions de Service<\/strong><\/p>\n<p>Ce site est optimis\u00e9 pour les navigateurs modernes tels que Safari, Firefox, Chrome, etc.<\/p>\n<p><strong>Contact<\/strong><\/p>\n<p>L&rsquo;Institution du Sacr\u00e9-C\u0153ur reste \u00e0 votre disposition pour toute question ou suggestion. Veuillez nous contacter par courrier \u00e9lectronique \u00e0 : <a href=\"mailto:contact@isc-vdb.fr\">contact@isc-vdb.fr<\/a>.<\/p>\n<\/div><\/div><\/div><\/div><\/div><\/p>\n","protected":false},"excerpt":{"rendered":"","protected":false},"author":1,"featured_media":0,"parent":0,"menu_order":0,"comment_status":"closed","ping_status":"closed","template":"100-width.php","meta":{"footnotes":""},"class_list":["post-3173","page","type-page","status-publish","hentry"],"_links":{"self":[{"href":"https:\/\/www.isc-vdb.fr\/index.php\/wp-json\/wp\/v2\/pages\/3173","targetHints":{"allow":["GET"]}}],"collection":[{"href":"https:\/\/www.isc-vdb.fr\/index.php\/wp-json\/wp\/v2\/pages"}],"about":[{"href":"https:\/\/www.isc-vdb.fr\/index.php\/wp-json\/wp\/v2\/types\/page"}],"author":[{"embeddable":true,"href":"https:\/\/www.isc-vdb.fr\/index.php\/wp-json\/wp\/v2\/users\/1"}],"replies":[{"embeddable":true,"href":"https:\/\/www.isc-vdb.fr\/index.php\/wp-json\/wp\/v2\/comments?post=3173"}],"version-history":[{"count":1,"href":"https:\/\/www.isc-vdb.fr\/index.php\/wp-json\/wp\/v2\/pages\/3173\/revisions"}],"predecessor-version":[{"id":5846,"href":"https:\/\/www.isc-vdb.fr\/index.php\/wp-json\/wp\/v2\/pages\/3173\/revisions\/5846"}],"wp:attachment":[{"href":"https:\/\/www.isc-vdb.fr\/index.php\/wp-json\/wp\/v2\/media?parent=3173"}],"curies":[{"name":"wp","href":"https:\/\/api.w.org\/{rel}","templated":true}]}}